{"id":2,"date":"2023-10-12T17:16:23","date_gmt":"2023-10-12T14:16:23","guid":{"rendered":"https:\/\/herman-cm.fi\/?page_id=2"},"modified":"2024-11-26T14:11:58","modified_gmt":"2024-11-26T12:11:58","slug":"hem","status":"publish","type":"page","link":"https:\/\/herman-cm.fi\/fi\/","title":{"rendered":"Hem"},"content":{"rendered":"<div class=\"row row-collapse row-full-width align-bottom\"  id=\"row-1926809548\">\n\n\n\t<div id=\"col-493496794\" class=\"col small-12 large-12\"  >\n\t\t\t\t<div class=\"col-inner\"  data-parallax-fade=\"true\" data-parallax=\"1\">\n\t\t\t\n\t\t\t\n\n<div class=\"row row-collapse\"  id=\"row-745038975\">\n\n\n\t<div id=\"col-1089998548\" class=\"col small-12 large-12\"  >\n\t\t\t\t<div class=\"col-inner\"  >\n\t\t\t\n\t\t\t\n\n<div class=\"row row-small\"  id=\"row-373073080\">\n\n\n\t<div id=\"col-740531840\" class=\"col medium-4 small-12 large-4\"  >\n\t\t\t\t<div class=\"col-inner\"  >\n\t\t\t\n\t\t\t\n\n\n\t<section class=\"section dark\" id=\"section_1889718265\">\n\t\t<div class=\"section-bg fill\" >\n\t\t\t<img loading=\"lazy\" decoding=\"async\" width=\"1181\" height=\"1771\" src=\"https:\/\/herman-cm.fi\/wp-content\/uploads\/2024\/02\/DuVi_240123_0199_webb.jpg\" class=\"bg attachment- size-\" alt=\"\" \/>\t\t\t\t\t\t<div class=\"section-bg-overlay absolute fill\"><\/div>\n\t\t\t\n\n\t\t<\/div>\n\n\t\t\n\n\t\t<div class=\"section-content relative\">\n\t\t\t\n\n\t<div id=\"gap-1322480429\" class=\"gap-element clearfix\" style=\"display:block; height:auto;\">\n\t\t\n<style>\n#gap-1322480429 {\n  padding-top: 35px;\n}\n<\/style>\n\t<\/div>\n\t\n\n<div class=\"row\"  id=\"row-1988903814\">\n\n\n\t<div id=\"col-135438771\" class=\"col small-12 large-12\"  >\n\t\t\t\t<div class=\"col-inner text-center\"  >\n\t\t\t\n\t\t\t\n\n\t<div id=\"text-1189290829\" class=\"text\">\n\t\t\n\n<h3>Tekstiilipainatus<\/h3>\n\t\t\n<style>\n#text-1189290829 {\n  font-size: 1.75rem;\n  line-height: 0.75;\n}\n<\/style>\n\t<\/div>\n\t\n<a href=\"https:\/\/herman-cm.fi\/fi\/textiltryck\/\" class=\"button success is-small\" >\n\t\t<span>Kollaasi<\/span>\n\t<\/a>\n\n\n\n\t\t<\/div>\n\t\t\t\t\t<\/div>\n\n\t\n\n<\/div>\n\n\t\t<\/div>\n\n\t\t\n<style>\n#section_1889718265 {\n  padding-top: 30px;\n  padding-bottom: 30px;\n  min-height: 300px;\n}\n#section_1889718265 .section-bg-overlay {\n  background-color: rgba(0, 0, 0, 0.1);\n}\n#section_1889718265 .section-bg img {\n  object-position: 44% 100%;\n}\n@media (min-width:550px) {\n  #section_1889718265 {\n    min-height: 500px;\n  }\n}\n<\/style>\n\t<\/section>\n\t\n\n\t\t<\/div>\n\t\t\t\t\t<\/div>\n\n\t\n\n\t<div id=\"col-41524447\" class=\"col medium-4 small-12 large-4\"  >\n\t\t\t\t<div class=\"col-inner\"  >\n\t\t\t\n\t\t\t\n\n\n\t<section class=\"section dark\" id=\"section_1122242953\">\n\t\t<div class=\"section-bg fill\" >\n\t\t\t<img loading=\"lazy\" decoding=\"async\" width=\"1181\" height=\"1771\" src=\"https:\/\/herman-cm.fi\/wp-content\/uploads\/2024\/02\/DuVi_231215_0050_webb.jpg\" class=\"bg attachment- size-\" alt=\"\" \/>\t\t\t\t\t\t<div class=\"section-bg-overlay absolute fill\"><\/div>\n\t\t\t\n\n\t\t<\/div>\n\n\t\t\n\n\t\t<div class=\"section-content relative\">\n\t\t\t\n\n\t<div id=\"gap-907943915\" class=\"gap-element clearfix\" style=\"display:block; height:auto;\">\n\t\t\n<style>\n#gap-907943915 {\n  padding-top: 35px;\n}\n<\/style>\n\t<\/div>\n\t\n\n<div class=\"row\"  id=\"row-2112087117\">\n\n\n\t<div id=\"col-550787607\" class=\"col small-12 large-12\"  >\n\t\t\t\t<div class=\"col-inner text-center\"  >\n\t\t\t\n\t\t\t\n\n\t<div id=\"text-3718189301\" class=\"text\">\n\t\t\n\n<h3>Mainosteippaus<\/h3>\n\t\t\n<style>\n#text-3718189301 {\n  font-size: 1.75rem;\n  line-height: 0.75;\n}\n<\/style>\n\t<\/div>\n\t\n<a href=\"https:\/\/herman-cm.fi\/fi\/reklamtejpning\/\" class=\"button success is-small\" >\n\t\t<span>Kollaasi<\/span>\n\t<\/a>\n\n\n\n\t\t<\/div>\n\t\t\t\t\t<\/div>\n\n\t\n\n<\/div>\n\n\t\t<\/div>\n\n\t\t\n<style>\n#section_1122242953 {\n  padding-top: 30px;\n  padding-bottom: 30px;\n  min-height: 300px;\n}\n#section_1122242953 .section-bg-overlay {\n  background-color: rgba(0, 0, 0, 0.1);\n}\n#section_1122242953 .section-bg img {\n  object-position: 82% 62%;\n}\n@media (min-width:550px) {\n  #section_1122242953 {\n    min-height: 500px;\n  }\n}\n<\/style>\n\t<\/section>\n\t\n\n\t\t<\/div>\n\t\t\t\t\t<\/div>\n\n\t\n\n\t<div id=\"col-629915108\" class=\"col medium-4 small-12 large-4\"  >\n\t\t\t\t<div class=\"col-inner\"  >\n\t\t\t\n\t\t\t\n\n\n\t<section class=\"section dark\" id=\"section_2131565748\">\n\t\t<div class=\"section-bg fill\" >\n\t\t\t<img loading=\"lazy\" decoding=\"async\" width=\"1931\" height=\"2560\" src=\"https:\/\/herman-cm.fi\/wp-content\/uploads\/2024\/11\/20241125_181701-scaled.jpg\" class=\"bg attachment- size-\" alt=\"\" \/>\t\t\t\t\t\t<div class=\"section-bg-overlay absolute fill\"><\/div>\n\t\t\t\n\n\t\t<\/div>\n\n\t\t\n\n\t\t<div class=\"section-content relative\">\n\t\t\t\n\n\t<div id=\"gap-1005958419\" class=\"gap-element clearfix\" style=\"display:block; height:auto;\">\n\t\t\n<style>\n#gap-1005958419 {\n  padding-top: 35px;\n}\n<\/style>\n\t<\/div>\n\t\n\n<div class=\"row\"  id=\"row-1942203952\">\n\n\n\t<div id=\"col-306007323\" class=\"col small-12 large-12\"  >\n\t\t\t\t<div class=\"col-inner text-center\"  >\n\t\t\t\n\t\t\t\n\n\t<div id=\"text-2071953152\" class=\"text\">\n\t\t\n\n<h3>Puu- ja muovikyltit<\/h3>\n\t\t\n<style>\n#text-2071953152 {\n  font-size: 1.75rem;\n  line-height: 0.75;\n}\n<\/style>\n\t<\/div>\n\t\n<a href=\"https:\/\/herman-cm.fi\/fi\/traochplastskyltar\/\" class=\"button success is-small\" >\n\t\t<span>Kollaasi<\/span>\n\t<\/a>\n\n\n\n\t\t<\/div>\n\t\t\t\t\t<\/div>\n\n\t\n\n<\/div>\n\n\t\t<\/div>\n\n\t\t\n<style>\n#section_2131565748 {\n  padding-top: 30px;\n  padding-bottom: 30px;\n  min-height: 300px;\n}\n#section_2131565748 .section-bg-overlay {\n  background-color: rgba(0, 0, 0, 0.1);\n}\n#section_2131565748 .section-bg img {\n  object-position: 75% 49%;\n}\n@media (min-width:550px) {\n  #section_2131565748 {\n    min-height: 500px;\n  }\n}\n<\/style>\n\t<\/section>\n\t\n\n\t\t<\/div>\n\t\t\t\t\t<\/div>\n\n\t\n\n\n<style>\n#row-373073080 > .col > .col-inner {\n  padding: 39px 0px 0px 0px;\n}\n<\/style>\n<\/div>\n\n\t\t<\/div>\n\t\t\t\t\t<\/div>\n\n\t\n\n<\/div>\n\t<div id=\"gap-1447772044\" class=\"gap-element clearfix\" style=\"display:block; height:auto;\">\n\t\t\n<style>\n#gap-1447772044 {\n  padding-top: 55px;\n}\n<\/style>\n\t<\/div>\n\t\n\n\n\t\t<\/div>\n\t\t\t\t\n<style>\n#col-493496794 > .col-inner {\n  padding: 0px 0px 0px 0px;\n}\n<\/style>\n\t<\/div>\n\n\t\n\n\n<style>\n#row-1926809548 > .col > .col-inner {\n  padding: 0px 0px 0px 0px;\n  background-color: rgb(255, 255, 255);\n}\n<\/style>\n<\/div>\n\n\t<section class=\"section\" id=\"section_332496303\">\n\t\t<div class=\"section-bg fill\" >\n\t\t\t\t\t\t\t\t\t\n\t\t\t\n\n\t\t<\/div>\n\n\t\t\n\n\t\t<div class=\"section-content relative\">\n\t\t\t\n\n\t<div id=\"gap-322650057\" class=\"gap-element clearfix\" style=\"display:block; height:auto;\">\n\t\t\n<style>\n#gap-322650057 {\n  padding-top: 30px;\n}\n<\/style>\n\t<\/div>\n\t\n\n<div class=\"row align-middle align-center\"  id=\"row-164610822\">\n\n\n\t<div id=\"col-1639486941\" class=\"col medium-12 small-12 large-6\"  >\n\t\t\t\t<div class=\"col-inner\"  >\n\t\t\t\n\t\t\t\n\n<div class=\"row\"  id=\"row-252214729\">\n\n\n\t<div id=\"col-876207826\" class=\"col medium-6 small-12 large-7\"  >\n\t\t\t\t<div class=\"col-inner\"  >\n\t\t\t\n\t\t\t\n\n\n  <div class=\"banner has-hover\" id=\"banner-5091845\">\n          <div class=\"banner-inner fill\">\n        <div class=\"banner-bg fill\" >\n            <img loading=\"lazy\" decoding=\"async\" width=\"696\" height=\"800\" src=\"https:\/\/herman-cm.fi\/wp-content\/uploads\/2024\/02\/344542963_620148463375251_791082026226664836_n-696x800.jpg\" class=\"bg attachment-large size-large\" alt=\"\" \/>                                    \n                    <\/div>\n\t\t\n        <div class=\"banner-layers container\">\n            <div class=\"fill banner-link\"><\/div>            \n\n\n        <\/div>\n      <\/div>\n\n            \n<style>\n#banner-5091845 {\n  padding-top: 99.99%;\n  background-color: rgba(0, 0, 0, 0);\n}\n@media (min-width:550px) {\n  #banner-5091845 {\n    padding-top: 150%;\n  }\n}\n@media (min-width:850px) {\n  #banner-5091845 {\n    padding-top: 117%;\n  }\n}\n<\/style>\n  <\/div>\n\n\n\n\t\t<\/div>\n\t\t\t\t\t<\/div>\n\n\t\n\n\t<div id=\"col-198208771\" class=\"col medium-6 small-12 large-5\"  >\n\t\t\t\t<div class=\"col-inner\"  >\n\t\t\t\n\t\t\t\n\n\n  <div class=\"banner has-hover\" id=\"banner-1719038983\">\n          <div class=\"banner-inner fill\">\n        <div class=\"banner-bg fill\" >\n            <img loading=\"lazy\" decoding=\"async\" width=\"1020\" height=\"680\" src=\"https:\/\/herman-cm.fi\/wp-content\/uploads\/2024\/02\/293811993_139395735402601_866987370636850710_n-1200x800.jpg\" class=\"bg attachment-large size-large\" alt=\"\" \/>                                    \n                    <\/div>\n\t\t\n        <div class=\"banner-layers container\">\n            <div class=\"fill banner-link\"><\/div>            \n\n\n        <\/div>\n      <\/div>\n\n            \n<style>\n#banner-1719038983 {\n  padding-top: 60%;\n  background-color: rgba(0, 0, 0, 0);\n}\n@media (min-width:550px) {\n  #banner-1719038983 {\n    padding-top: 76%;\n  }\n}\n@media (min-width:850px) {\n  #banner-1719038983 {\n    padding-top: 87%;\n  }\n}\n<\/style>\n  <\/div>\n\n\n\n\t\t<\/div>\n\t\t\t\t\t<\/div>\n\n\t\n\n<\/div>\n<div class=\"row align-right\"  id=\"row-1813305065\">\n\n\n\t<div id=\"col-1480223379\" class=\"col medium-7 small-12 large-7\"  >\n\t\t\t\t<div class=\"col-inner\"  >\n\t\t\t\n\t\t\t\n\n\n  <div class=\"banner has-hover\" id=\"banner-1636547185\">\n          <div class=\"banner-inner fill\">\n        <div class=\"banner-bg fill\" >\n            <img loading=\"lazy\" decoding=\"async\" width=\"1020\" height=\"765\" src=\"https:\/\/herman-cm.fi\/wp-content\/uploads\/2024\/02\/356244028_245494978222186_4138559576827727946_n-1067x800.jpg\" class=\"bg attachment-large size-large\" alt=\"\" \/>                                    \n                    <\/div>\n\t\t\n        <div class=\"banner-layers container\">\n            <div class=\"fill banner-link\"><\/div>            \n\n\n        <\/div>\n      <\/div>\n\n            \n<style>\n#banner-1636547185 {\n  padding-top: 60%;\n  background-color: rgba(0, 0, 0, 0);\n}\n@media (min-width:550px) {\n  #banner-1636547185 {\n    padding-top: 75%;\n  }\n}\n<\/style>\n  <\/div>\n\n\n\n\t\t<\/div>\n\t\t\t\t\n<style>\n#col-1480223379 > .col-inner {\n  margin: 0 0px 0px 0px;\n}\n@media (min-width:550px) {\n  #col-1480223379 > .col-inner {\n    margin: -290px 0px 0px 0px;\n  }\n}\n@media (min-width:850px) {\n  #col-1480223379 > .col-inner {\n    margin: -165px 0px 0px 0px;\n  }\n}\n<\/style>\n\t<\/div>\n\n\t\n\n<\/div>\n\n\t\t<\/div>\n\t\t\t\t\t<\/div>\n\n\t\n\n\t<div id=\"col-768978389\" class=\"col medium-12 small-12 large-6\"  >\n\t\t\t\t<div class=\"col-inner\"  >\n\t\t\t\n\t\t\t\n\n\t<div id=\"text-1091756556\" class=\"text\">\n\t\t\n\n<h2>Herman Custom Made<\/h2>\n\t\t\n<style>\n#text-1091756556 {\n  font-size: 1.3rem;\n}\n<\/style>\n\t<\/div>\n\t\n\t<div id=\"text-2177090092\" class=\"text\">\n\t\t\n\n<p>Pienyritt\u00e4j\u00e4 Uusikaarlepyyss\u00e4, joka on erikoistunut tekstiilipainatukseen, mainosteippaukseen sek\u00e4 CNC-kaiverrukseen, opasteisiin ja jyrsint\u00e4\u00e4n.<\/p>\n\t\t\n<style>\n#text-2177090092 {\n  font-size: 1.65rem;\n  line-height: 1.65;\n  color: rgb(0, 0, 0);\n}\n#text-2177090092 > * {\n  color: rgb(0, 0, 0);\n}\n<\/style>\n\t<\/div>\n\t\n<a href=\"https:\/\/herman-cm.fi\/fi\/om-oss\/\" class=\"button success\" style=\"border-radius:5px;\">\n\t\t<span>Lis\u00e4\u00e4 meist\u00e4<\/span>\n\t<\/a>\n\n\n\n\t\t<\/div>\n\t\t\t\t\n<style>\n#col-768978389 > .col-inner {\n  padding: 0px 0 0px 0px;\n}\n@media (min-width:550px) {\n  #col-768978389 > .col-inner {\n    padding: 0px 10% 0px 0px;\n  }\n}\n@media (min-width:850px) {\n  #col-768978389 > .col-inner {\n    padding: 0px 0px 0px 15%;\n  }\n}\n<\/style>\n\t<\/div>\n\n\t\n\n<\/div>\n\n\t\t<\/div>\n\n\t\t\n<style>\n#section_332496303 {\n  padding-top: 30px;\n  padding-bottom: 30px;\n}\n<\/style>\n\t<\/section>","protected":false},"excerpt":{"rendered":"","protected":false},"author":1,"featured_media":0,"parent":0,"menu_order":0,"comment_status":"closed","ping_status":"closed","template":"","meta":{"footnotes":""},"class_list":["post-2","page","type-page","status-publish","hentry"],"yoast_head":"<!-- This site is optimized with the Yoast SEO plugin v26.8 - https:\/\/yoast.com\/product\/yoast-seo-wordpress\/ -->\n<title>Hem - Herman Custom made Oy<\/title>\n<meta name=\"robots\" content=\"index, follow, max-snippet:-1, max-image-preview:large, max-video-preview:-1\" \/>\n<link rel=\"canonical\" href=\"https:\/\/herman-cm.fi\/fi\/\" \/>\n<meta property=\"og:locale\" content=\"fi_FI\" \/>\n<meta property=\"og:type\" content=\"article\" \/>\n<meta property=\"og:title\" content=\"Hem - Herman Custom made Oy\" \/>\n<meta property=\"og:url\" content=\"https:\/\/herman-cm.fi\/fi\/\" \/>\n<meta property=\"og:site_name\" content=\"Herman Custom made Oy\" \/>\n<meta property=\"article:publisher\" content=\"https:\/\/www.facebook.com\/profile.php?id=100082850576677\" \/>\n<meta property=\"article:modified_time\" content=\"2024-11-26T12:11:58+00:00\" \/>\n<meta name=\"twitter:card\" content=\"summary_large_image\" \/>\n<meta name=\"twitter:label1\" content=\"Arvioitu lukuaika\" \/>\n\t<meta name=\"twitter:data1\" content=\"2 minuuttia\" \/>\n<script type=\"application\/ld+json\" class=\"yoast-schema-graph\">{\"@context\":\"https:\/\/schema.org\",\"@graph\":[{\"@type\":\"WebPage\",\"@id\":\"https:\/\/herman-cm.fi\/\",\"url\":\"https:\/\/herman-cm.fi\/\",\"name\":\"Hem - Herman Custom made Oy\",\"isPartOf\":{\"@id\":\"https:\/\/herman-cm.fi\/#website\"},\"datePublished\":\"2023-10-12T14:16:23+00:00\",\"dateModified\":\"2024-11-26T12:11:58+00:00\",\"breadcrumb\":{\"@id\":\"https:\/\/herman-cm.fi\/#breadcrumb\"},\"inLanguage\":\"fi\",\"potentialAction\":[{\"@type\":\"ReadAction\",\"target\":[\"https:\/\/herman-cm.fi\/\"]}]},{\"@type\":\"BreadcrumbList\",\"@id\":\"https:\/\/herman-cm.fi\/#breadcrumb\",\"itemListElement\":[{\"@type\":\"ListItem\",\"position\":1,\"name\":\"Hem\",\"item\":\"https:\/\/herman-cm.fi\/\"},{\"@type\":\"ListItem\",\"position\":2,\"name\":\"Hem\"}]},{\"@type\":\"WebSite\",\"@id\":\"https:\/\/herman-cm.fi\/#website\",\"url\":\"https:\/\/herman-cm.fi\/\",\"name\":\"Herman Custom Made\",\"description\":\"Herman Custom Made\",\"publisher\":{\"@id\":\"https:\/\/herman-cm.fi\/#organization\"},\"potentialAction\":[{\"@type\":\"SearchAction\",\"target\":{\"@type\":\"EntryPoint\",\"urlTemplate\":\"https:\/\/herman-cm.fi\/?s={search_term_string}\"},\"query-input\":{\"@type\":\"PropertyValueSpecification\",\"valueRequired\":true,\"valueName\":\"search_term_string\"}}],\"inLanguage\":\"fi\"},{\"@type\":\"Organization\",\"@id\":\"https:\/\/herman-cm.fi\/#organization\",\"name\":\"Herman Custom Made\",\"url\":\"https:\/\/herman-cm.fi\/\",\"logo\":{\"@type\":\"ImageObject\",\"inLanguage\":\"fi\",\"@id\":\"https:\/\/herman-cm.fi\/#\/schema\/logo\/image\/\",\"url\":\"https:\/\/herman-cm.fi\/wp-content\/uploads\/2024\/01\/Logo6-pdf.jpg\",\"contentUrl\":\"https:\/\/herman-cm.fi\/wp-content\/uploads\/2024\/01\/Logo6-pdf.jpg\",\"width\":943,\"height\":370,\"caption\":\"Herman Custom Made\"},\"image\":{\"@id\":\"https:\/\/herman-cm.fi\/#\/schema\/logo\/image\/\"},\"sameAs\":[\"https:\/\/www.facebook.com\/profile.php?id=100082850576677\"]}]}<\/script>\n<!-- \/ Yoast SEO plugin. -->","yoast_head_json":{"title":"Hem - Herman Custom made Oy","robots":{"index":"index","follow":"follow","max-snippet":"max-snippet:-1","max-image-preview":"max-image-preview:large","max-video-preview":"max-video-preview:-1"},"canonical":"https:\/\/herman-cm.fi\/fi\/","og_locale":"fi_FI","og_type":"article","og_title":"Hem - Herman Custom made Oy","og_url":"https:\/\/herman-cm.fi\/fi\/","og_site_name":"Herman Custom made Oy","article_publisher":"https:\/\/www.facebook.com\/profile.php?id=100082850576677","article_modified_time":"2024-11-26T12:11:58+00:00","twitter_card":"summary_large_image","twitter_misc":{"Arvioitu lukuaika":"2 minuuttia"},"schema":{"@context":"https:\/\/schema.org","@graph":[{"@type":"WebPage","@id":"https:\/\/herman-cm.fi\/","url":"https:\/\/herman-cm.fi\/","name":"Hem - Herman Custom made Oy","isPartOf":{"@id":"https:\/\/herman-cm.fi\/#website"},"datePublished":"2023-10-12T14:16:23+00:00","dateModified":"2024-11-26T12:11:58+00:00","breadcrumb":{"@id":"https:\/\/herman-cm.fi\/#breadcrumb"},"inLanguage":"fi","potentialAction":[{"@type":"ReadAction","target":["https:\/\/herman-cm.fi\/"]}]},{"@type":"BreadcrumbList","@id":"https:\/\/herman-cm.fi\/#breadcrumb","itemListElement":[{"@type":"ListItem","position":1,"name":"Hem","item":"https:\/\/herman-cm.fi\/"},{"@type":"ListItem","position":2,"name":"Hem"}]},{"@type":"WebSite","@id":"https:\/\/herman-cm.fi\/#website","url":"https:\/\/herman-cm.fi\/","name":"Herman Custom Made","description":"Herman Custom Made","publisher":{"@id":"https:\/\/herman-cm.fi\/#organization"},"potentialAction":[{"@type":"SearchAction","target":{"@type":"EntryPoint","urlTemplate":"https:\/\/herman-cm.fi\/?s={search_term_string}"},"query-input":{"@type":"PropertyValueSpecification","valueRequired":true,"valueName":"search_term_string"}}],"inLanguage":"fi"},{"@type":"Organization","@id":"https:\/\/herman-cm.fi\/#organization","name":"Herman Custom Made","url":"https:\/\/herman-cm.fi\/","logo":{"@type":"ImageObject","inLanguage":"fi","@id":"https:\/\/herman-cm.fi\/#\/schema\/logo\/image\/","url":"https:\/\/herman-cm.fi\/wp-content\/uploads\/2024\/01\/Logo6-pdf.jpg","contentUrl":"https:\/\/herman-cm.fi\/wp-content\/uploads\/2024\/01\/Logo6-pdf.jpg","width":943,"height":370,"caption":"Herman Custom Made"},"image":{"@id":"https:\/\/herman-cm.fi\/#\/schema\/logo\/image\/"},"sameAs":["https:\/\/www.facebook.com\/profile.php?id=100082850576677"]}]}},"_links":{"self":[{"href":"https:\/\/herman-cm.fi\/fi\/wp-json\/wp\/v2\/pages\/2","targetHints":{"allow":["GET"]}}],"collection":[{"href":"https:\/\/herman-cm.fi\/fi\/wp-json\/wp\/v2\/pages"}],"about":[{"href":"https:\/\/herman-cm.fi\/fi\/wp-json\/wp\/v2\/types\/page"}],"author":[{"embeddable":true,"href":"https:\/\/herman-cm.fi\/fi\/wp-json\/wp\/v2\/users\/1"}],"replies":[{"embeddable":true,"href":"https:\/\/herman-cm.fi\/fi\/wp-json\/wp\/v2\/comments?post=2"}],"version-history":[{"count":40,"href":"https:\/\/herman-cm.fi\/fi\/wp-json\/wp\/v2\/pages\/2\/revisions"}],"predecessor-version":[{"id":664,"href":"https:\/\/herman-cm.fi\/fi\/wp-json\/wp\/v2\/pages\/2\/revisions\/664"}],"wp:attachment":[{"href":"https:\/\/herman-cm.fi\/fi\/wp-json\/wp\/v2\/media?parent=2"}],"curies":[{"name":"wp","href":"https:\/\/api.w.org\/{rel}","templated":true}]}}