{"id":275,"date":"2023-10-30T19:17:59","date_gmt":"2023-10-30T17:17:59","guid":{"rendered":"https:\/\/herman-cm.fi\/?page_id=275"},"modified":"2025-01-02T14:16:15","modified_gmt":"2025-01-02T12:16:15","slug":"traochplastskyltar","status":"publish","type":"page","link":"https:\/\/herman-cm.fi\/fi\/traochplastskyltar\/","title":{"rendered":"Puu- ja muovikyltit"},"content":{"rendered":"<section class=\"section\" id=\"section_724115200\">\n\t\t<div class=\"section-bg fill\" >\n\t\t\t<img loading=\"lazy\" decoding=\"async\" width=\"1931\" height=\"2560\" src=\"https:\/\/herman-cm.fi\/wp-content\/uploads\/2024\/11\/20241125_181701-scaled.jpg\" class=\"bg attachment-original size-original\" alt=\"\" \/>\t\t\t\t\t\t\n\t\t\t\n\n\t\t<\/div>\n\n\t\t\n\n\t\t<div class=\"section-content relative\">\n\t\t\t\n\n<div class=\"row\"  id=\"row-2111462738\">\n\n\n\t<div id=\"col-1598965080\" class=\"col small-12 large-12\"  >\n\t\t\t\t<div class=\"col-inner text-center dark\"  >\n\t\t\t\n\t\t\t\n\n<h1><span style=\"font-size: 200%;\">Puu- ja muovikyltit<\/span><\/h1>\n\n\t\t<\/div>\n\t\t\t\t\t<\/div>\n\n\t\n\n<\/div>\n\n\t\t<\/div>\n\n\t\t\n<style>\n#section_724115200 {\n  padding-top: 30px;\n  padding-bottom: 30px;\n  min-height: 400px;\n}\n#section_724115200 .section-bg img {\n  object-position: 38% 77%;\n}\n@media (min-width:550px) {\n  #section_724115200 {\n    min-height: 600px;\n  }\n}\n@media (min-width:850px) {\n  #section_724115200 {\n    min-height: 660px;\n  }\n}\n<\/style>\n\t<\/section>\n\t\n\n\t<section class=\"section\" id=\"section_832064873\">\n\t\t<div class=\"section-bg fill\" >\n\t\t\t\t\t\t\t\t\t\n\t\t\t\n\n\t\t<\/div>\n\n\t\t\n\n\t\t<div class=\"section-content relative\">\n\t\t\t\n\n\t<div id=\"gap-110125581\" class=\"gap-element clearfix\" style=\"display:block; height:auto;\">\n\t\t\n<style>\n#gap-110125581 {\n  padding-top: 30px;\n}\n@media (min-width:550px) {\n  #gap-110125581 {\n    padding-top: 75px;\n  }\n}\n@media (min-width:850px) {\n  #gap-110125581 {\n    padding-top: 125px;\n  }\n}\n<\/style>\n\t<\/div>\n\t\n\n<div class=\"row\" style=\"max-width:1300px\" id=\"row-102174406\">\n\n\n\t<div id=\"col-2111658756\" class=\"col small-12 large-12\"  >\n\t\t\t\t<div class=\"col-inner\" style=\"background-color:rgb(246, 246, 246);\" >\n\t\t\t\n\t\t\t\n\n<div class=\"row align-middle align-center\" style=\"max-width:1300px\" id=\"row-949653882\">\n\n\n\t<div id=\"col-201654955\" class=\"col medium-5 small-12 large-5\"  >\n\t\t\t\t<div class=\"col-inner\"  >\n\t\t\t\n\t\t\t\n\n\n  <div class=\"banner has-hover\" id=\"banner-162142239\">\n          <div class=\"banner-inner fill\">\n        <div class=\"banner-bg fill\" >\n            <img loading=\"lazy\" decoding=\"async\" width=\"1020\" height=\"765\" src=\"https:\/\/herman-cm.fi\/wp-content\/uploads\/2024\/02\/386643652_301255552646128_4154325580912982029_n-1067x800.jpg\" class=\"bg attachment-large size-large\" alt=\"\" \/>                                    \n                    <\/div>\n\t\t\n        <div class=\"banner-layers container\">\n            <div class=\"fill banner-link\"><\/div>            \n\n\n        <\/div>\n      <\/div>\n\n              <div class=\"height-fix is-invisible\"><img loading=\"lazy\" decoding=\"async\" width=\"1020\" height=\"765\" src=\"https:\/\/herman-cm.fi\/wp-content\/uploads\/2024\/02\/386643652_301255552646128_4154325580912982029_n-1067x800.jpg\" class=\"attachment-large size-large\" alt=\"\" srcset=\"https:\/\/herman-cm.fi\/wp-content\/uploads\/2024\/02\/386643652_301255552646128_4154325580912982029_n-1067x800.jpg 1067w, https:\/\/herman-cm.fi\/wp-content\/uploads\/2024\/02\/386643652_301255552646128_4154325580912982029_n-600x450.jpg 600w, https:\/\/herman-cm.fi\/wp-content\/uploads\/2024\/02\/386643652_301255552646128_4154325580912982029_n-533x400.jpg 533w, https:\/\/herman-cm.fi\/wp-content\/uploads\/2024\/02\/386643652_301255552646128_4154325580912982029_n-768x576.jpg 768w, https:\/\/herman-cm.fi\/wp-content\/uploads\/2024\/02\/386643652_301255552646128_4154325580912982029_n-1536x1152.jpg 1536w, https:\/\/herman-cm.fi\/wp-content\/uploads\/2024\/02\/386643652_301255552646128_4154325580912982029_n.jpg 2048w\" sizes=\"auto, (max-width: 1020px) 100vw, 1020px\" \/><\/div>\n              <\/div>\n\n\n\n\t\t<\/div>\n\t\t\t\t\n<style>\n#col-201654955 > .col-inner {\n  padding: 30px 30px 0px 30px;\n}\n@media (min-width:550px) {\n  #col-201654955 > .col-inner {\n    padding: 0px 0px 0px 30px;\n  }\n}\n@media (min-width:850px) {\n  #col-201654955 > .col-inner {\n    padding: 80px 50px 50px 100px;\n  }\n}\n<\/style>\n\t<\/div>\n\n\t\n\n\t<div id=\"col-1212622580\" class=\"col medium-7 small-12 large-7\"  >\n\t\t\t\t<div class=\"col-inner text-center\"  >\n\t\t\t\n\t\t\t\n\n\t<div id=\"gap-1403738217\" class=\"gap-element clearfix\" style=\"display:block; height:auto;\">\n\t\t\n<style>\n#gap-1403738217 {\n  padding-top: 50px;\n}\n<\/style>\n\t<\/div>\n\t\n\n<h2 style=\"text-align: center;\"><span style=\"font-size: 130%;\">Puu- ja muovikyltit<\/span><\/h2>\n<p style=\"text-align: left;\">Valmistamme kylttej\u00e4 eri materiaaleista sis\u00e4- ja ulkok\u00e4ytt\u00f6\u00f6n puusta, muovista ja erilaisista komposiittimateriaaleista. Materiaalivalinta valitaan asiakkaan toimesta ja sitten ajetaan ulos CNC:ll\u00e4. Koko voi vaihdella pienist\u00e4 nimikilvist\u00e4 suuriin mainoskyltteihin teiden ja rakennusten vieress\u00e4.<\/p>\n<a href=\"https:\/\/herman-cm.fi\/fi\/kontakt\/\" class=\"button success is-underline\" >\n\t\t<span>Ota yhteytt\u00e4<\/span>\n\t<\/a>\n\n\n\n\t\t<\/div>\n\t\t\t\t\n<style>\n#col-1212622580 > .col-inner {\n  padding: 0px 40px 0px 30px;\n}\n@media (min-width:850px) {\n  #col-1212622580 > .col-inner {\n    padding: 0px 100px 0px 30px;\n  }\n}\n<\/style>\n\t<\/div>\n\n\t\n\n<\/div>\n\n\t\t<\/div>\n\t\t\t\t\t<\/div>\n\n\t\n\n<\/div>\n\n\t\t<\/div>\n\n\t\t\n<style>\n#section_832064873 {\n  padding-top: 30px;\n  padding-bottom: 30px;\n}\n<\/style>\n\t<\/section>\n\t\n\n\t<section class=\"section\" id=\"section_172978623\">\n\t\t<div class=\"section-bg fill\" >\n\t\t\t\t\t\t\t\t\t\n\t\t\t\n\n\t\t<\/div>\n\n\t\t\n\n\t\t<div class=\"section-content relative\">\n\t\t\t\n\n\t<div id=\"gap-37043913\" class=\"gap-element clearfix\" style=\"display:block; height:auto;\">\n\t\t\n<style>\n#gap-37043913 {\n  padding-top: 0px;\n}\n@media (min-width:550px) {\n  #gap-37043913 {\n    padding-top: 25px;\n  }\n}\n@media (min-width:850px) {\n  #gap-37043913 {\n    padding-top: 50px;\n  }\n}\n<\/style>\n\t<\/div>\n\t\n\n<div class=\"row\" style=\"max-width:1300px\" id=\"row-1721167917\">\n\n\n\t<div id=\"col-2055317722\" class=\"col medium-12 small-12 large-12\"  >\n\t\t\t\t<div class=\"col-inner text-center\"  >\n\t\t\t\n\t\t\t\n\n<h2><span style=\"font-size: 130%;\">Aikaisempia t\u00f6it\u00e4<\/span><\/h2>\n\n\t\t<\/div>\n\t\t\t\t\t<\/div>\n\n\t\n\n<\/div>\n<div class=\"row row-small align-center\" style=\"max-width:1300px\" id=\"row-2071530653\">\n\n\n\t<div id=\"col-2088220435\" class=\"col medium-11 small-12 large-6\"  >\n\t\t\t\t<div class=\"col-inner\"  >\n\t\t\t\n\t\t\t\n\n  <div class=\"banner-grid-wrapper\">\n  <div id=\"banner-grid-1612692641\" class=\"banner-grid row row-grid row-small\" data-packery-options=\"\">\n                      \n\n<div class=\"col grid-col large-12 grid-col-3-4\" ><div class=\"col-inner\">\n\n\n  <div class=\"banner has-hover bg-zoom\" id=\"banner-399920220\">\n          <div class=\"banner-inner fill\">\n        <div class=\"banner-bg fill\" >\n            <img loading=\"lazy\" decoding=\"async\" width=\"1020\" height=\"695\" src=\"https:\/\/herman-cm.fi\/wp-content\/uploads\/2024\/02\/341025057_211611401567847_9203359363393178427_n-1174x800.jpg\" class=\"bg attachment-large size-large\" alt=\"\" \/>                                    \n                    <\/div>\n\t\t\n        <div class=\"banner-layers container\">\n            <a class=\"fill\" href=\"#\"><div class=\"fill banner-link\"><\/div><\/a>            \n\n\n        <\/div>\n      <\/div>\n\n            \n<style>\n#banner-399920220 {\n  padding-top: 500px;\n}\n#banner-399920220 .banner-bg img {\n  object-position: 14% 2%;\n}\n<\/style>\n  <\/div>\n\n\n\n<\/div><\/div>\n<div class=\"col grid-col large-6 grid-col-1-2\" ><div class=\"col-inner\">\n\n\n  <div class=\"banner has-hover bg-zoom\" id=\"banner-1556582805\">\n          <div class=\"banner-inner fill\">\n        <div class=\"banner-bg fill\" >\n            <img loading=\"lazy\" decoding=\"async\" width=\"1020\" height=\"680\" src=\"https:\/\/herman-cm.fi\/wp-content\/uploads\/2024\/02\/293811993_139395735402601_866987370636850710_n-1200x800.jpg\" class=\"bg attachment-large size-large\" alt=\"\" \/>                                    \n                    <\/div>\n\t\t\n        <div class=\"banner-layers container\">\n            <a class=\"fill\" href=\"#\"><div class=\"fill banner-link\"><\/div><\/a>            \n\n\n        <\/div>\n      <\/div>\n\n            \n<style>\n#banner-1556582805 {\n  padding-top: 500px;\n}\n<\/style>\n  <\/div>\n\n\n\n<\/div><\/div>\n<div class=\"col grid-col large-6 grid-col-1-2\" data-animate=\"none\"><div class=\"col-inner\">\n\n\n  <div class=\"banner has-hover bg-glow bg-zoom\" id=\"banner-854784962\">\n          <div class=\"banner-inner fill\">\n        <div class=\"banner-bg fill\" >\n            <img loading=\"lazy\" decoding=\"async\" width=\"1020\" height=\"765\" src=\"https:\/\/herman-cm.fi\/wp-content\/uploads\/2024\/02\/335898978_591648596233381_1134079220727691122_n-1067x800.jpg\" class=\"bg attachment-large size-large\" alt=\"\" \/>                                    \n                    <\/div>\n\t\t\n        <div class=\"banner-layers container\">\n            <a class=\"fill\" href=\"#\"><div class=\"fill banner-link\"><\/div><\/a>            \n\n\n        <\/div>\n      <\/div>\n\n            \n<style>\n#banner-854784962 {\n  padding-top: 500px;\n}\n#banner-854784962 .banner-bg img {\n  object-position: 19% 53%;\n}\n<\/style>\n  <\/div>\n\n\n\n<\/div><\/div>\n\n            <\/div>\n    <style>\n    #banner-grid-1612692641 .grid-col-1{height: 600px}\n    #banner-grid-1612692641 .grid-col-1-2{height: 300px}\n    #banner-grid-1612692641 .grid-col-1-3{height:200px}\n    #banner-grid-1612692641 .grid-col-2-3{height: 400px}\n    #banner-grid-1612692641 .grid-col-1-4{height: 150px}\n    #banner-grid-1612692641 .grid-col-3-4{height: 450px}\n\n\n    \n        \/* Mobile *\/\n    @media (max-width: 550px){\n      #banner-grid-1612692641 .grid-col-1{height: 360px}\n      #banner-grid-1612692641 .grid-col-1-2{height: 180px}\n      #banner-grid-1612692641 .grid-col-1-3{height:120px}\n      #banner-grid-1612692641 .grid-col-2-3{height: 240px}\n      #banner-grid-1612692641 .grid-col-1-4{height: 90px}\n      #banner-grid-1612692641 .grid-col-3-4{height: 270px}\n    }\n    \n\n  <\/style>\n    <\/div>\n  \n\n\t\t<\/div>\n\t\t\t\t\t<\/div>\n\n\t\n\n\t<div id=\"col-318601883\" class=\"col medium-11 small-12 large-6\"  >\n\t\t\t\t<div class=\"col-inner\"  >\n\t\t\t\n\t\t\t\n\n  <div class=\"banner-grid-wrapper\">\n  <div id=\"banner-grid-1561215818\" class=\"banner-grid row row-grid row-small\" data-packery-options=\"\">\n                      \n\n<div class=\"col grid-col large-6 grid-col-1-2\" ><div class=\"col-inner\">\n\n\n  <div class=\"banner has-hover bg-zoom\" id=\"banner-776736588\">\n          <div class=\"banner-inner fill\">\n        <div class=\"banner-bg fill\" >\n            <img loading=\"lazy\" decoding=\"async\" width=\"652\" height=\"800\" src=\"https:\/\/herman-cm.fi\/wp-content\/uploads\/2024\/02\/341061794_904819317300268_6351994991982256225_n-652x800.jpg\" class=\"bg attachment-large size-large\" alt=\"\" \/>                                    \n                    <\/div>\n\t\t\n        <div class=\"banner-layers container\">\n            <a class=\"fill\" href=\"#\"><div class=\"fill banner-link\"><\/div><\/a>            \n\n\n        <\/div>\n      <\/div>\n\n            \n<style>\n#banner-776736588 {\n  padding-top: 500px;\n}\n#banner-776736588 .banner-bg img {\n  object-position: 0% 54%;\n}\n<\/style>\n  <\/div>\n\n\n\n<\/div><\/div>\n<div class=\"col grid-col large-6 grid-col-1-2\" ><div class=\"col-inner\">\n\n\n  <div class=\"banner has-hover bg-zoom\" id=\"banner-410041722\">\n          <div class=\"banner-inner fill\">\n        <div class=\"banner-bg fill\" >\n            <img loading=\"lazy\" decoding=\"async\" width=\"821\" height=\"800\" src=\"https:\/\/herman-cm.fi\/wp-content\/uploads\/2024\/02\/279151467_117576507584524_6840521257806769518_n-821x800.jpg\" class=\"bg attachment-large size-large\" alt=\"\" \/>                                    \n                    <\/div>\n\t\t\n        <div class=\"banner-layers container\">\n            <a class=\"fill\" href=\"#\"><div class=\"fill banner-link\"><\/div><\/a>            \n\n\n        <\/div>\n      <\/div>\n\n            \n<style>\n#banner-410041722 {\n  padding-top: 500px;\n}\n#banner-410041722 .banner-bg img {\n  object-position: 18% 56%;\n}\n<\/style>\n  <\/div>\n\n\n\n<\/div><\/div>\n<div class=\"col grid-col large-12 grid-col-3-4\" ><div class=\"col-inner\">\n\n\n  <div class=\"banner has-hover bg-zoom\" id=\"banner-1881235910\">\n          <div class=\"banner-inner fill\">\n        <div class=\"banner-bg fill\" >\n            <img loading=\"lazy\" decoding=\"async\" width=\"1020\" height=\"765\" src=\"https:\/\/herman-cm.fi\/wp-content\/uploads\/2024\/02\/386638677_301255425979474_1376355755287973728_n-1067x800.jpg\" class=\"bg attachment-large size-large\" alt=\"\" \/>                                    \n                    <\/div>\n\t\t\n        <div class=\"banner-layers container\">\n            <a class=\"fill\" href=\"#\"><div class=\"fill banner-link\"><\/div><\/a>            \n\n\n        <\/div>\n      <\/div>\n\n            \n<style>\n#banner-1881235910 {\n  padding-top: 500px;\n}\n<\/style>\n  <\/div>\n\n\n\n<\/div><\/div>\n\n            <\/div>\n    <style>\n    #banner-grid-1561215818 .grid-col-1{height: 600px}\n    #banner-grid-1561215818 .grid-col-1-2{height: 300px}\n    #banner-grid-1561215818 .grid-col-1-3{height:200px}\n    #banner-grid-1561215818 .grid-col-2-3{height: 400px}\n    #banner-grid-1561215818 .grid-col-1-4{height: 150px}\n    #banner-grid-1561215818 .grid-col-3-4{height: 450px}\n\n\n    \n        \/* Mobile *\/\n    @media (max-width: 550px){\n      #banner-grid-1561215818 .grid-col-1{height: 360px}\n      #banner-grid-1561215818 .grid-col-1-2{height: 180px}\n      #banner-grid-1561215818 .grid-col-1-3{height:120px}\n      #banner-grid-1561215818 .grid-col-2-3{height: 240px}\n      #banner-grid-1561215818 .grid-col-1-4{height: 90px}\n      #banner-grid-1561215818 .grid-col-3-4{height: 270px}\n    }\n    \n\n  <\/style>\n    <\/div>\n  \n\n\t\t<\/div>\n\t\t\t\t\t<\/div>\n\n\t\n\n<\/div>\n\n\t\t<\/div>\n\n\t\t\n<style>\n#section_172978623 {\n  padding-top: 30px;\n  padding-bottom: 30px;\n}\n<\/style>\n\t<\/section>\n\t\n\n\t<section class=\"section\" id=\"section_909692968\">\n\t\t<div class=\"section-bg fill\" >\n\t\t\t\t\t\t\t\t\t\n\t\t\t\n\n\t\t<\/div>\n\n\t\t\n\n\t\t<div class=\"section-content relative\">\n\t\t\t\n\n\t<div id=\"gap-959584904\" class=\"gap-element clearfix\" style=\"display:block; height:auto;\">\n\t\t\n<style>\n#gap-959584904 {\n  padding-top: 0px;\n}\n@media (min-width:550px) {\n  #gap-959584904 {\n    padding-top: 50px;\n  }\n}\n@media (min-width:850px) {\n  #gap-959584904 {\n    padding-top: 50px;\n  }\n}\n<\/style>\n\t<\/div>\n\t\n\n\n\t\t<\/div>\n\n\t\t\n<style>\n#section_909692968 {\n  padding-top: 30px;\n  padding-bottom: 30px;\n}\n<\/style>\n\t<\/section>\n\t\n\n\t<section class=\"section\" id=\"section_373481878\">\n\t\t<div class=\"section-bg fill\" >\n\t\t\t\t\t\t\t\t\t\n\t\t\t\n\n\t\t<\/div>\n\n\t\t\n\n\t\t<div class=\"section-content relative\">\n\t\t\t\n\n\n\t\t<\/div>\n\n\t\t\n<style>\n#section_373481878 {\n  padding-top: 30px;\n  padding-bottom: 30px;\n}\n<\/style>\n\t<\/section>","protected":false},"excerpt":{"rendered":"","protected":false},"author":2,"featured_media":0,"parent":0,"menu_order":0,"comment_status":"closed","ping_status":"closed","template":"","meta":{"footnotes":""},"class_list":["post-275","page","type-page","status-publish","hentry"],"yoast_head":"<!-- This site is optimized with the Yoast SEO plugin v26.8 - https:\/\/yoast.com\/product\/yoast-seo-wordpress\/ -->\n<title>Tr\u00e4- och plastskyltar - Herman Custom made Oy<\/title>\n<meta name=\"robots\" content=\"index, follow, max-snippet:-1, max-image-preview:large, max-video-preview:-1\" \/>\n<link rel=\"canonical\" href=\"https:\/\/herman-cm.fi\/fi\/traochplastskyltar\/\" \/>\n<meta property=\"og:locale\" content=\"fi_FI\" \/>\n<meta property=\"og:type\" content=\"article\" \/>\n<meta property=\"og:title\" content=\"Tr\u00e4- och plastskyltar - Herman Custom made Oy\" \/>\n<meta property=\"og:url\" content=\"https:\/\/herman-cm.fi\/fi\/traochplastskyltar\/\" \/>\n<meta property=\"og:site_name\" content=\"Herman Custom made Oy\" \/>\n<meta property=\"article:publisher\" content=\"https:\/\/www.facebook.com\/profile.php?id=100082850576677\" \/>\n<meta property=\"article:modified_time\" content=\"2025-01-02T12:16:15+00:00\" \/>\n<meta name=\"twitter:card\" content=\"summary_large_image\" \/>\n<meta name=\"twitter:label1\" content=\"Arvioitu lukuaika\" \/>\n\t<meta name=\"twitter:data1\" content=\"2 minuuttia\" \/>\n<script type=\"application\/ld+json\" class=\"yoast-schema-graph\">{\"@context\":\"https:\/\/schema.org\",\"@graph\":[{\"@type\":\"WebPage\",\"@id\":\"https:\/\/herman-cm.fi\/traochplastskyltar\/\",\"url\":\"https:\/\/herman-cm.fi\/traochplastskyltar\/\",\"name\":\"Tr\u00e4- och plastskyltar - Herman Custom made Oy\",\"isPartOf\":{\"@id\":\"https:\/\/herman-cm.fi\/#website\"},\"datePublished\":\"2023-10-30T17:17:59+00:00\",\"dateModified\":\"2025-01-02T12:16:15+00:00\",\"breadcrumb\":{\"@id\":\"https:\/\/herman-cm.fi\/traochplastskyltar\/#breadcrumb\"},\"inLanguage\":\"fi\",\"potentialAction\":[{\"@type\":\"ReadAction\",\"target\":[\"https:\/\/herman-cm.fi\/traochplastskyltar\/\"]}]},{\"@type\":\"BreadcrumbList\",\"@id\":\"https:\/\/herman-cm.fi\/traochplastskyltar\/#breadcrumb\",\"itemListElement\":[{\"@type\":\"ListItem\",\"position\":1,\"name\":\"Hem\",\"item\":\"https:\/\/herman-cm.fi\/\"},{\"@type\":\"ListItem\",\"position\":2,\"name\":\"Tr\u00e4- och plastskyltar\"}]},{\"@type\":\"WebSite\",\"@id\":\"https:\/\/herman-cm.fi\/#website\",\"url\":\"https:\/\/herman-cm.fi\/\",\"name\":\"Herman Custom Made\",\"description\":\"Herman Custom Made\",\"publisher\":{\"@id\":\"https:\/\/herman-cm.fi\/#organization\"},\"potentialAction\":[{\"@type\":\"SearchAction\",\"target\":{\"@type\":\"EntryPoint\",\"urlTemplate\":\"https:\/\/herman-cm.fi\/?s={search_term_string}\"},\"query-input\":{\"@type\":\"PropertyValueSpecification\",\"valueRequired\":true,\"valueName\":\"search_term_string\"}}],\"inLanguage\":\"fi\"},{\"@type\":\"Organization\",\"@id\":\"https:\/\/herman-cm.fi\/#organization\",\"name\":\"Herman Custom Made\",\"url\":\"https:\/\/herman-cm.fi\/\",\"logo\":{\"@type\":\"ImageObject\",\"inLanguage\":\"fi\",\"@id\":\"https:\/\/herman-cm.fi\/#\/schema\/logo\/image\/\",\"url\":\"https:\/\/herman-cm.fi\/wp-content\/uploads\/2024\/01\/Logo6-pdf.jpg\",\"contentUrl\":\"https:\/\/herman-cm.fi\/wp-content\/uploads\/2024\/01\/Logo6-pdf.jpg\",\"width\":943,\"height\":370,\"caption\":\"Herman Custom Made\"},\"image\":{\"@id\":\"https:\/\/herman-cm.fi\/#\/schema\/logo\/image\/\"},\"sameAs\":[\"https:\/\/www.facebook.com\/profile.php?id=100082850576677\"]}]}<\/script>\n<!-- \/ Yoast SEO plugin. -->","yoast_head_json":{"title":"Tr\u00e4- och plastskyltar - Herman Custom made Oy","robots":{"index":"index","follow":"follow","max-snippet":"max-snippet:-1","max-image-preview":"max-image-preview:large","max-video-preview":"max-video-preview:-1"},"canonical":"https:\/\/herman-cm.fi\/fi\/traochplastskyltar\/","og_locale":"fi_FI","og_type":"article","og_title":"Tr\u00e4- och plastskyltar - Herman Custom made Oy","og_url":"https:\/\/herman-cm.fi\/fi\/traochplastskyltar\/","og_site_name":"Herman Custom made Oy","article_publisher":"https:\/\/www.facebook.com\/profile.php?id=100082850576677","article_modified_time":"2025-01-02T12:16:15+00:00","twitter_card":"summary_large_image","twitter_misc":{"Arvioitu lukuaika":"2 minuuttia"},"schema":{"@context":"https:\/\/schema.org","@graph":[{"@type":"WebPage","@id":"https:\/\/herman-cm.fi\/traochplastskyltar\/","url":"https:\/\/herman-cm.fi\/traochplastskyltar\/","name":"Tr\u00e4- och plastskyltar - Herman Custom made Oy","isPartOf":{"@id":"https:\/\/herman-cm.fi\/#website"},"datePublished":"2023-10-30T17:17:59+00:00","dateModified":"2025-01-02T12:16:15+00:00","breadcrumb":{"@id":"https:\/\/herman-cm.fi\/traochplastskyltar\/#breadcrumb"},"inLanguage":"fi","potentialAction":[{"@type":"ReadAction","target":["https:\/\/herman-cm.fi\/traochplastskyltar\/"]}]},{"@type":"BreadcrumbList","@id":"https:\/\/herman-cm.fi\/traochplastskyltar\/#breadcrumb","itemListElement":[{"@type":"ListItem","position":1,"name":"Hem","item":"https:\/\/herman-cm.fi\/"},{"@type":"ListItem","position":2,"name":"Tr\u00e4- och plastskyltar"}]},{"@type":"WebSite","@id":"https:\/\/herman-cm.fi\/#website","url":"https:\/\/herman-cm.fi\/","name":"Herman Custom Made","description":"Herman Custom Made","publisher":{"@id":"https:\/\/herman-cm.fi\/#organization"},"potentialAction":[{"@type":"SearchAction","target":{"@type":"EntryPoint","urlTemplate":"https:\/\/herman-cm.fi\/?s={search_term_string}"},"query-input":{"@type":"PropertyValueSpecification","valueRequired":true,"valueName":"search_term_string"}}],"inLanguage":"fi"},{"@type":"Organization","@id":"https:\/\/herman-cm.fi\/#organization","name":"Herman Custom Made","url":"https:\/\/herman-cm.fi\/","logo":{"@type":"ImageObject","inLanguage":"fi","@id":"https:\/\/herman-cm.fi\/#\/schema\/logo\/image\/","url":"https:\/\/herman-cm.fi\/wp-content\/uploads\/2024\/01\/Logo6-pdf.jpg","contentUrl":"https:\/\/herman-cm.fi\/wp-content\/uploads\/2024\/01\/Logo6-pdf.jpg","width":943,"height":370,"caption":"Herman Custom Made"},"image":{"@id":"https:\/\/herman-cm.fi\/#\/schema\/logo\/image\/"},"sameAs":["https:\/\/www.facebook.com\/profile.php?id=100082850576677"]}]}},"_links":{"self":[{"href":"https:\/\/herman-cm.fi\/fi\/wp-json\/wp\/v2\/pages\/275","targetHints":{"allow":["GET"]}}],"collection":[{"href":"https:\/\/herman-cm.fi\/fi\/wp-json\/wp\/v2\/pages"}],"about":[{"href":"https:\/\/herman-cm.fi\/fi\/wp-json\/wp\/v2\/types\/page"}],"author":[{"embeddable":true,"href":"https:\/\/herman-cm.fi\/fi\/wp-json\/wp\/v2\/users\/2"}],"replies":[{"embeddable":true,"href":"https:\/\/herman-cm.fi\/fi\/wp-json\/wp\/v2\/comments?post=275"}],"version-history":[{"count":10,"href":"https:\/\/herman-cm.fi\/fi\/wp-json\/wp\/v2\/pages\/275\/revisions"}],"predecessor-version":[{"id":676,"href":"https:\/\/herman-cm.fi\/fi\/wp-json\/wp\/v2\/pages\/275\/revisions\/676"}],"wp:attachment":[{"href":"https:\/\/herman-cm.fi\/fi\/wp-json\/wp\/v2\/media?parent=275"}],"curies":[{"name":"wp","href":"https:\/\/api.w.org\/{rel}","templated":true}]}}