{"id":638,"date":"2024-10-25T11:02:38","date_gmt":"2024-10-25T08:02:38","guid":{"rendered":"https:\/\/herman-cm.fi\/?page_id=638"},"modified":"2024-12-04T20:24:48","modified_gmt":"2024-12-04T18:24:48","slug":"aterbetalning_returer","status":"publish","type":"page","link":"https:\/\/herman-cm.fi\/fi\/aterbetalning_returer\/","title":{"rendered":"\u00c5terbetalnings- och returpolicy"},"content":{"rendered":"<div id=\"text-783277223\" class=\"text\">\n<h1 class=\"PageTitle\" style=\"text-align: center;\">\u00a0 Herman Custom made toimitus- ja maksutavat<\/h1>\n<p style=\"text-align: center;\">\u00a0<\/p>\n<p style=\"text-align: center;\"><strong>\u00a0 \u00a0Posti<\/strong><\/p>\n<div class=\"InfoPage__contents\" style=\"text-align: center;\">\n<div class=\"WysiwygOrBlockContent\">\n<div class=\"WysiwygContent\">\n<p>\u00a0 \u00a0l\u00e4himp\u00e4\u00e4n postiin hintaan 7,90<\/p>\n<p><strong>\u00a0 \u00a0Toimitusaika<\/strong><\/p>\n<p>\u00a0 \u00a0Varastotuotteiden l\u00e4het\u00e4\u00e4n sis\u00e4\u00e4n 1 \u2013 2 ty\u00f6p\u00e4iv\u00e4\u00e4.<\/p>\n<p>\u00a0 \u00a0Tilaustuotteiden toimitusaika noin 4-30 p\u00e4iv\u00e4\u00e4 ja olemme yhteydess\u00e4 jos toimitus viiv\u00e4styy.\u00a0<\/p>\n<p><strong>\u00a0 \u00a0Maksutavat<\/strong><\/p>\n<p>\u00a0 \u00a0Tuotteet ja niiden postikulut maksetaan tilauksen \u00a0yhteydess\u00e4.<\/p>\n<p>\u00a0 \u00a0Verkkokaupassa voidaan maksaa seuraavilla maksutavoilla: Visa,mastercard ja Klarna checkout\u00a0<\/p>\n<p>\u00a0 \u00a0Maksunv\u00e4lityspalvelun toteuttajana ja maksupalveluntarjoajana toimii Klarna maksu. yhteisty\u00f6ss\u00e4 suomalaisten pankkien ja luottolaitosten kanssa.<\/p>\n<p>\u00a0<\/p>\n<\/div>\n<\/div>\n<\/div>\n<\/div>\n<div id=\"text-211467125\" class=\"text\">\n<p style=\"text-align: center;\"><strong>\u00a0 Toimitusehdot<\/strong><br \/>\u00a0 \u00a0Tekem\u00e4ll\u00e4 tilauksen hyv\u00e4ksyt henkil\u00f6tietojesi k\u00e4ytt\u00e4misen.\u00a0<\/p>\n<p style=\"text-align: center;\">\u00a0 \u00a0Tuotteilla on 14 p\u00e4iv\u00e4n palautusoikeus.<\/p>\n<p style=\"text-align: center;\">\u00a0 \u00a0Tuotetta, jota l\u00f6ytyy varastosta on toimitusaika 1 \u2013 4 arkip\u00e4iv\u00e4\u00e4. Mik\u00e4li tilattu tuote on poikkeuksellisesti p\u00e4\u00e4ssyt loppumaan varastosta, ilmoitetaan siit\u00e4 asiakkaalle viipym\u00e4tt\u00e4.<\/p>\n<p style=\"text-align: center;\">\u00a0 \u00a0Mik\u00e4li kuluttajalle on toimitettu v\u00e4\u00e4r\u00e4 tuote, tai tuote on viallinen, tulee kuluttajan ilmoittaa asiasta info@herman-cm.fi<\/p>\n<p style=\"text-align: center;\"><strong>\u00a0 \u00a0Toimitustavat<\/strong><\/p>\n<p style=\"text-align: center;\">\u00a0 \u00a0Nouto l\u00e4himm\u00e4st\u00e4 postitoimipisteelt\u00e4, hinta 7,90 \u20ac<\/p>\n<p style=\"text-align: center;\">\u00a0 \u00a0Nouda tilaamasi tuotteet omasta Postista. Sinulle ilmoitetaan tekstiviestill\u00e4 tai s\u00e4hk\u00f6postilla paketin saapumisesta<\/p>\n<p style=\"text-align: center;\">\u00a0 \u00a0Tilauksen j\u00e4lkeen saat s\u00e4hk\u00f6postiisi tilausvahvistuksen sek\u00e4 linkin, jonka kautta voit k\u00e4tev\u00e4sti seurata tilauksesi etenemist\u00e4.<\/p>\n<p style=\"text-align: center;\"><strong>\u00a0 \u00a0 Palautusoikeus ja tuotevaihdot<\/strong><\/p>\n<p style=\"text-align: center;\">\u00a0 \u00a0Tuotteilla on t\u00e4ysi 14 vuorokauden palautusoikeus. Palautettavan tuotteen tulee olla\u00a0<strong>k\u00e4ytt\u00e4m\u00e4t\u00f6n<\/strong>\u00a0ja\u00a0<strong>muuttumaton<\/strong>.<\/p>\n<p style=\"text-align: center;\">\u00a0 \u00a0Sama palautusoikeus koskee vioittuneita tuotteita tai mik\u00e4li olette saaneet muuten virheellisen toimituksen. Toimituskuluja ei t\u00e4ll\u00f6in tarvitse maksaa.<\/p>\n<p style=\"text-align: center;\"><strong>\u00a0 \u00a0 Pyyd\u00e4mme ilmoituksessanne kuitenkin yst\u00e4v\u00e4llisesti ilmoittamaan:<\/strong><br \/>\u00a0 \u00a0Palautuksen syyn (mik\u00e4li viottunut tai v\u00e4\u00e4r\u00e4 tuote)<br \/>\u00a0 \u00a0Tilaajan tunnistetiedot (nimi \/ tilausnumero)<br \/>\u00a0 \u00a0Haluatteko vain palauttaa tuotteen ja saada rahat takaisin tilille vai toivotteko, ett\u00e4 l\u00e4het\u00e4mme vastaavan tuotteen vioittuneen tai v\u00e4\u00e4r\u00e4n tuotteen tilalle (ja hyvit\u00e4mme mahd. erotuksen).<\/p>\n<p style=\"text-align: center;\">\u00a0 \u00a0Jos haluat palauttaa tuotteen ole yhteydess\u00e4 s\u00e4hk\u00f6postitse: info@herman-cm.fi<br \/>\u00a0 \u00a0vastaamme 24 tunnin sis\u00e4ll\u00e4.<\/p>\n<p style=\"text-align: center;\"><strong>\u00a0 \u00a0Reklamaatiot<\/strong><\/p>\n<p style=\"text-align: center;\">\u00a0 \u00a0Kaikki tilaukseen tai toimitukseen liittyv\u00e4t reklamaatiot pyyd\u00e4mme l\u00e4hett\u00e4m\u00e4\u00e4n seitsem\u00e4n (7) vuorokauden kuluessa tilauksen vastaanottamisesta osoitteeseen: info@herman-cm.fi<\/p>\n<p style=\"text-align: center;\"><strong>\u00a0 \u00a0Tilauksen peruminen<\/strong><\/p>\n<p style=\"text-align: center;\">\u00a0 \u00a0Asiakas voi peruuttaa tilauksensa, mik\u00e4li toimitus ei ole tapahtunut kohtuullisessa ajassa. Tilauksen perumisesta tulee ilmoittaa osoitteeseen info@herman-cm.fi.<\/p>\n<p style=\"text-align: center;\">\u00a0 \u00a0Yleens\u00e4 ilmoitamme asiakkaillemme s\u00e4hk\u00f6postilla tai puhelimitse, jos toimitusaika eroaa normaalista. My\u00f6s Herman-cm.fi pid\u00e4tt\u00e4\u00e4 oikeuden tilauksen perumiseen ja palauttaa rahat asiakkaan tilille.<\/p>\n<p style=\"text-align: center;\"><strong>\u00a0 \u00a0Yhteystiedot<\/strong><\/p>\n<p style=\"text-align: center;\">Herman Custom made Oy<br \/>\u00a0 Mathesiuksenkatu 5<br \/>\u00a0 \u00a066900 Uusikaarlepyy<br \/>\u00a0 \u00a0Y-tunnus:\u00a0<\/p>\n<p style=\"text-align: center;\">\u00a0 \u00a0S\u00e4hk\u00f6posti: info@herman-cm.fi<\/p>\n<\/div>","protected":false},"excerpt":{"rendered":"","protected":false},"author":1,"featured_media":0,"parent":0,"menu_order":0,"comment_status":"closed","ping_status":"closed","template":"","meta":{"footnotes":""},"class_list":["post-638","page","type-page","status-publish","hentry"],"yoast_head":"<!-- This site is optimized with the Yoast SEO plugin v26.8 - https:\/\/yoast.com\/product\/yoast-seo-wordpress\/ -->\n<title>\u00c5terbetalnings- och returpolicy - Herman Custom made Oy<\/title>\n<meta name=\"robots\" content=\"index, follow, max-snippet:-1, max-image-preview:large, max-video-preview:-1\" \/>\n<link rel=\"canonical\" href=\"https:\/\/herman-cm.fi\/fi\/aterbetalning_returer\/\" \/>\n<meta property=\"og:locale\" content=\"fi_FI\" \/>\n<meta property=\"og:type\" content=\"article\" \/>\n<meta property=\"og:title\" content=\"\u00c5terbetalnings- och returpolicy - Herman Custom made Oy\" \/>\n<meta property=\"og:url\" content=\"https:\/\/herman-cm.fi\/fi\/aterbetalning_returer\/\" \/>\n<meta property=\"og:site_name\" content=\"Herman Custom made Oy\" \/>\n<meta property=\"article:publisher\" content=\"https:\/\/www.facebook.com\/profile.php?id=100082850576677\" \/>\n<meta property=\"article:modified_time\" content=\"2024-12-04T18:24:48+00:00\" \/>\n<meta name=\"twitter:card\" content=\"summary_large_image\" \/>\n<meta name=\"twitter:label1\" content=\"Arvioitu lukuaika\" \/>\n\t<meta name=\"twitter:data1\" content=\"3 minuuttia\" \/>\n<script type=\"application\/ld+json\" class=\"yoast-schema-graph\">{\"@context\":\"https:\/\/schema.org\",\"@graph\":[{\"@type\":\"WebPage\",\"@id\":\"https:\/\/herman-cm.fi\/aterbetalning_returer\/\",\"url\":\"https:\/\/herman-cm.fi\/aterbetalning_returer\/\",\"name\":\"\u00c5terbetalnings- och returpolicy - Herman Custom made Oy\",\"isPartOf\":{\"@id\":\"https:\/\/herman-cm.fi\/#website\"},\"datePublished\":\"2024-10-25T08:02:38+00:00\",\"dateModified\":\"2024-12-04T18:24:48+00:00\",\"breadcrumb\":{\"@id\":\"https:\/\/herman-cm.fi\/aterbetalning_returer\/#breadcrumb\"},\"inLanguage\":\"fi\",\"potentialAction\":[{\"@type\":\"ReadAction\",\"target\":[\"https:\/\/herman-cm.fi\/aterbetalning_returer\/\"]}]},{\"@type\":\"BreadcrumbList\",\"@id\":\"https:\/\/herman-cm.fi\/aterbetalning_returer\/#breadcrumb\",\"itemListElement\":[{\"@type\":\"ListItem\",\"position\":1,\"name\":\"Hem\",\"item\":\"https:\/\/herman-cm.fi\/\"},{\"@type\":\"ListItem\",\"position\":2,\"name\":\"\u00c5terbetalnings- och returpolicy\"}]},{\"@type\":\"WebSite\",\"@id\":\"https:\/\/herman-cm.fi\/#website\",\"url\":\"https:\/\/herman-cm.fi\/\",\"name\":\"Herman Custom Made\",\"description\":\"Herman Custom Made\",\"publisher\":{\"@id\":\"https:\/\/herman-cm.fi\/#organization\"},\"potentialAction\":[{\"@type\":\"SearchAction\",\"target\":{\"@type\":\"EntryPoint\",\"urlTemplate\":\"https:\/\/herman-cm.fi\/?s={search_term_string}\"},\"query-input\":{\"@type\":\"PropertyValueSpecification\",\"valueRequired\":true,\"valueName\":\"search_term_string\"}}],\"inLanguage\":\"fi\"},{\"@type\":\"Organization\",\"@id\":\"https:\/\/herman-cm.fi\/#organization\",\"name\":\"Herman Custom Made\",\"url\":\"https:\/\/herman-cm.fi\/\",\"logo\":{\"@type\":\"ImageObject\",\"inLanguage\":\"fi\",\"@id\":\"https:\/\/herman-cm.fi\/#\/schema\/logo\/image\/\",\"url\":\"https:\/\/herman-cm.fi\/wp-content\/uploads\/2024\/01\/Logo6-pdf.jpg\",\"contentUrl\":\"https:\/\/herman-cm.fi\/wp-content\/uploads\/2024\/01\/Logo6-pdf.jpg\",\"width\":943,\"height\":370,\"caption\":\"Herman Custom Made\"},\"image\":{\"@id\":\"https:\/\/herman-cm.fi\/#\/schema\/logo\/image\/\"},\"sameAs\":[\"https:\/\/www.facebook.com\/profile.php?id=100082850576677\"]}]}<\/script>\n<!-- \/ Yoast SEO plugin. -->","yoast_head_json":{"title":"\u00c5terbetalnings- och returpolicy - Herman Custom made Oy","robots":{"index":"index","follow":"follow","max-snippet":"max-snippet:-1","max-image-preview":"max-image-preview:large","max-video-preview":"max-video-preview:-1"},"canonical":"https:\/\/herman-cm.fi\/fi\/aterbetalning_returer\/","og_locale":"fi_FI","og_type":"article","og_title":"\u00c5terbetalnings- och returpolicy - Herman Custom made Oy","og_url":"https:\/\/herman-cm.fi\/fi\/aterbetalning_returer\/","og_site_name":"Herman Custom made Oy","article_publisher":"https:\/\/www.facebook.com\/profile.php?id=100082850576677","article_modified_time":"2024-12-04T18:24:48+00:00","twitter_card":"summary_large_image","twitter_misc":{"Arvioitu lukuaika":"3 minuuttia"},"schema":{"@context":"https:\/\/schema.org","@graph":[{"@type":"WebPage","@id":"https:\/\/herman-cm.fi\/aterbetalning_returer\/","url":"https:\/\/herman-cm.fi\/aterbetalning_returer\/","name":"\u00c5terbetalnings- och returpolicy - Herman Custom made Oy","isPartOf":{"@id":"https:\/\/herman-cm.fi\/#website"},"datePublished":"2024-10-25T08:02:38+00:00","dateModified":"2024-12-04T18:24:48+00:00","breadcrumb":{"@id":"https:\/\/herman-cm.fi\/aterbetalning_returer\/#breadcrumb"},"inLanguage":"fi","potentialAction":[{"@type":"ReadAction","target":["https:\/\/herman-cm.fi\/aterbetalning_returer\/"]}]},{"@type":"BreadcrumbList","@id":"https:\/\/herman-cm.fi\/aterbetalning_returer\/#breadcrumb","itemListElement":[{"@type":"ListItem","position":1,"name":"Hem","item":"https:\/\/herman-cm.fi\/"},{"@type":"ListItem","position":2,"name":"\u00c5terbetalnings- och returpolicy"}]},{"@type":"WebSite","@id":"https:\/\/herman-cm.fi\/#website","url":"https:\/\/herman-cm.fi\/","name":"Herman Custom Made","description":"Herman Custom Made","publisher":{"@id":"https:\/\/herman-cm.fi\/#organization"},"potentialAction":[{"@type":"SearchAction","target":{"@type":"EntryPoint","urlTemplate":"https:\/\/herman-cm.fi\/?s={search_term_string}"},"query-input":{"@type":"PropertyValueSpecification","valueRequired":true,"valueName":"search_term_string"}}],"inLanguage":"fi"},{"@type":"Organization","@id":"https:\/\/herman-cm.fi\/#organization","name":"Herman Custom Made","url":"https:\/\/herman-cm.fi\/","logo":{"@type":"ImageObject","inLanguage":"fi","@id":"https:\/\/herman-cm.fi\/#\/schema\/logo\/image\/","url":"https:\/\/herman-cm.fi\/wp-content\/uploads\/2024\/01\/Logo6-pdf.jpg","contentUrl":"https:\/\/herman-cm.fi\/wp-content\/uploads\/2024\/01\/Logo6-pdf.jpg","width":943,"height":370,"caption":"Herman Custom Made"},"image":{"@id":"https:\/\/herman-cm.fi\/#\/schema\/logo\/image\/"},"sameAs":["https:\/\/www.facebook.com\/profile.php?id=100082850576677"]}]}},"_links":{"self":[{"href":"https:\/\/herman-cm.fi\/fi\/wp-json\/wp\/v2\/pages\/638","targetHints":{"allow":["GET"]}}],"collection":[{"href":"https:\/\/herman-cm.fi\/fi\/wp-json\/wp\/v2\/pages"}],"about":[{"href":"https:\/\/herman-cm.fi\/fi\/wp-json\/wp\/v2\/types\/page"}],"author":[{"embeddable":true,"href":"https:\/\/herman-cm.fi\/fi\/wp-json\/wp\/v2\/users\/1"}],"replies":[{"embeddable":true,"href":"https:\/\/herman-cm.fi\/fi\/wp-json\/wp\/v2\/comments?post=638"}],"version-history":[{"count":4,"href":"https:\/\/herman-cm.fi\/fi\/wp-json\/wp\/v2\/pages\/638\/revisions"}],"predecessor-version":[{"id":674,"href":"https:\/\/herman-cm.fi\/fi\/wp-json\/wp\/v2\/pages\/638\/revisions\/674"}],"wp:attachment":[{"href":"https:\/\/herman-cm.fi\/fi\/wp-json\/wp\/v2\/media?parent=638"}],"curies":[{"name":"wp","href":"https:\/\/api.w.org\/{rel}","templated":true}]}}