{"id":69,"date":"2015-11-17T20:15:56","date_gmt":"2015-11-17T18:15:56","guid":{"rendered":"http:\/\/localhost:8888\/flatsome-next\/?page_id=3031"},"modified":"2024-03-25T19:18:55","modified_gmt":"2024-03-25T17:18:55","slug":"om-oss","status":"publish","type":"page","link":"https:\/\/herman-cm.fi\/fi\/om-oss\/","title":{"rendered":"Meist\u00e4"},"content":{"rendered":"<section class=\"section\" id=\"section_1513613288\">\n\t\t<div class=\"section-bg fill\" >\n\t\t\t\t\t\t\t\t\t\n\t\t\t\n\n\t\t<\/div>\n\n\t\t\n\n\t\t<div class=\"section-content relative\">\n\t\t\t\n\n<div class=\"row\" style=\"max-width:1200px\" id=\"row-497157618\">\n\n\n\t<div id=\"col-1381916224\" class=\"col medium-6 small-12 large-5\"  >\n\t\t\t\t<div class=\"col-inner\"  >\n\t\t\t\n\t\t\t\n\n\t<div id=\"gap-602480254\" class=\"gap-element clearfix\" style=\"display:block; height:auto;\">\n\t\t\n<style>\n#gap-602480254 {\n  padding-top: 60px;\n}\n<\/style>\n\t<\/div>\n\t\n\n\t<div id=\"text-3581125042\" class=\"text\">\n\t\t\n\n<h1>Herman Custom Made<\/h1>\n\t\t\n<style>\n#text-3581125042 {\n  font-size: 2.75rem;\n  color: rgb(0, 0, 0);\n}\n#text-3581125042 > * {\n  color: rgb(0, 0, 0);\n}\n<\/style>\n\t<\/div>\n\t\n\n\t\t<\/div>\n\t\t\t\t\t<\/div>\n\n\t\n\n<\/div>\n\n\t\t<\/div>\n\n\t\t\n<style>\n#section_1513613288 {\n  padding-top: 30px;\n  padding-bottom: 30px;\n  min-height: 300px;\n  background-color: rgb(255, 255, 255);\n}\n@media (min-width:550px) {\n  #section_1513613288 {\n    min-height: 400px;\n  }\n}\n<\/style>\n\t<\/section>\n\t\n\n\t<section class=\"section\" id=\"section_1980290416\">\n\t\t<div class=\"section-bg fill\" >\n\t\t\t\t\t\t\t\t\t\n\t\t\t\n\n\t\t<\/div>\n\n\t\t\n\n\t\t<div class=\"section-content relative\">\n\t\t\t\n\n<div class=\"row\" style=\"max-width:1200px\" id=\"row-64388855\">\n\n\n\t<div id=\"col-1174319217\" class=\"col small-12 large-12\"  >\n\t\t\t\t<div class=\"col-inner\"  >\n\t\t\t\n\t\t\t\n\n<div class=\"row align-bottom\" style=\"max-width:1200px\" id=\"row-425579231\">\n\n\n\t<div id=\"col-1911840690\" class=\"col medium-12 small-12 large-6\"  >\n\t\t\t\t<div class=\"col-inner\"  >\n\t\t\t\n\t\t\t\n\n\t<div id=\"text-3796739217\" class=\"text\">\n\t\t\n\n<p>Olemme pieni yritys, joka on erikoistunut tekstiilipainatukseen, mainoskyltteihin, mainosteippauksiin ja CNC-jyrsint\u00e4\u00e4n eri materiaaleissa<\/p>\n<p>Teemme tiivist\u00e4 yhteisty\u00f6t\u00e4 asiakkaan kanssa ja tarjoamme monenlaisia ratkaisuja, joissa asiakas on aina keski\u00f6ss\u00e4.<\/p>\n\t\t\n<style>\n#text-3796739217 {\n  color: rgb(0, 0, 0);\n}\n#text-3796739217 > * {\n  color: rgb(0, 0, 0);\n}\n<\/style>\n\t<\/div>\n\t\n<a href=\"https:\/\/herman-cm.fi\/fi\/kontakt\/\" class=\"button success is-outline\" >\n\t\t<span>Ota yhteytt\u00e4<\/span>\n\t<i class=\"icon-angle-right\" aria-hidden=\"true\"><\/i><\/a>\n\n\n\n\t\t<\/div>\n\t\t\t\t\t<\/div>\n\n\t\n\n\t<div id=\"col-1182556783\" class=\"col medium-12 small-12 large-6 medium-col-first\"  >\n\t\t\t\t<div class=\"col-inner\"  >\n\t\t\t\n\t\t\t\n\n\n  <div class=\"banner has-hover\" id=\"banner-864063149\">\n          <div class=\"banner-inner fill\">\n        <div class=\"banner-bg fill\" >\n            <img loading=\"lazy\" decoding=\"async\" width=\"1020\" height=\"765\" src=\"https:\/\/herman-cm.fi\/wp-content\/uploads\/2024\/02\/370040715_301256275979389_4009009030251856798_n-1067x800.jpg\" class=\"bg attachment-large size-large\" alt=\"\" \/>                                    \n                    <\/div>\n\t\t\n        <div class=\"banner-layers container\">\n            <div class=\"fill banner-link\"><\/div>            \n\n\n        <\/div>\n      <\/div>\n\n            \n<style>\n#banner-864063149 {\n  padding-top: 400px;\n  background-color: rgb(255, 255, 255);\n}\n#banner-864063149 .banner-bg img {\n  object-position: 17% 71%;\n}\n@media (min-width:550px) {\n  #banner-864063149 {\n    padding-top: 600px;\n  }\n}\n@media (min-width:850px) {\n  #banner-864063149 {\n    padding-top: 700px;\n  }\n}\n<\/style>\n  <\/div>\n\n\n\n\t\t<\/div>\n\t\t\t\t\n<style>\n#col-1182556783 > .col-inner {\n  padding: 0px 0px 30px 0px;\n  margin: -70px 0px 0px 0px;\n}\n@media (min-width:850px) {\n  #col-1182556783 > .col-inner {\n    margin: -260px 0px 0px 0px;\n  }\n}\n<\/style>\n\t<\/div>\n\n\t\n\n<\/div>\n\n\t\t<\/div>\n\t\t\t\t\t<\/div>\n\n\t\n\n<\/div>\n\n\t\t<\/div>\n\n\t\t\n<style>\n#section_1980290416 {\n  padding-top: 30px;\n  padding-bottom: 30px;\n}\n<\/style>\n\t<\/section>\n\t\n\n\t<section class=\"section\" id=\"section_732150406\">\n\t\t<div class=\"section-bg fill\" >\n\t\t\t\t\t\t\t\t\t\n\t\t\t\n\n\t\t<\/div>\n\n\t\t\n\n\t\t<div class=\"section-content relative\">\n\t\t\t\n\n<div class=\"row\" style=\"max-width:1200px\" id=\"row-485577791\">\n\n\n\t<div id=\"col-1803994832\" class=\"col medium-11 small-12 large-9\"  >\n\t\t\t\t<div class=\"col-inner\"  >\n\t\t\t\n\t\t\t\n\n\t<div id=\"gap-1804858835\" class=\"gap-element clearfix\" style=\"display:block; height:auto;\">\n\t\t\n<style>\n#gap-1804858835 {\n  padding-top: 30px;\n}\n<\/style>\n\t<\/div>\n\t\n\n\n  <div class=\"banner has-hover\" id=\"banner-13321109\">\n          <div class=\"banner-inner fill\">\n        <div class=\"banner-bg fill\" >\n            <img loading=\"lazy\" decoding=\"async\" width=\"1020\" height=\"546\" src=\"https:\/\/herman-cm.fi\/wp-content\/uploads\/2024\/02\/306967924_134395619332123_4134383946572589617_n.jpg\" class=\"bg attachment-large size-large\" alt=\"\" \/>                                    \n                    <\/div>\n\t\t\n        <div class=\"banner-layers container\">\n            <div class=\"fill banner-link\"><\/div>            \n\n\n        <\/div>\n      <\/div>\n\n            \n<style>\n#banner-13321109 {\n  padding-top: 300px;\n  background-color: rgb(249, 245, 229);\n}\n#banner-13321109 .banner-bg img {\n  object-position: 72% 63%;\n}\n@media (min-width:550px) {\n  #banner-13321109 {\n    padding-top: 500px;\n  }\n}\n<\/style>\n  <\/div>\n\n\n\n\t\t<\/div>\n\t\t\t\t\t<\/div>\n\n\t\n\n<\/div>\n<div class=\"row align-right\" style=\"max-width:1200px\" id=\"row-977775694\">\n\n\n\t<div id=\"col-442069562\" class=\"col medium-8 small-12 large-6\"  >\n\t\t\t\t<div class=\"col-inner\" style=\"background-color:rgb(255, 255, 255);\" >\n\t\t\t\n\t\t\t\n\n\t<div id=\"text-899841444\" class=\"text\">\n\t\t\n\n<h2>Paremmin painettu<\/h2>\n\t\t\n<style>\n#text-899841444 {\n  font-size: 1.5rem;\n  color: rgb(0, 0, 0);\n}\n#text-899841444 > * {\n  color: rgb(0, 0, 0);\n}\n<\/style>\n\t<\/div>\n\t\n\t<div id=\"text-1530799585\" class=\"text\">\n\t\t\n\n<p>Painamme asiakkaan toiveiden mukaan aina kun se on mahdollista. Pitk\u00e4 kokemuksemme painotuotteista ja tekstiileist\u00e4 antaa meille mahdollisuuden tehd\u00e4 useita hyvi\u00e4 ehdotuksia, jotka parantavat kokonaistulosta.<\/p>\n\t\t\n<style>\n#text-1530799585 {\n  color: rgb(0, 0, 0);\n}\n#text-1530799585 > * {\n  color: rgb(0, 0, 0);\n}\n<\/style>\n\t<\/div>\n\t\n\n\t\t<\/div>\n\t\t\t\t\n<style>\n#col-442069562 > .col-inner {\n  padding: 10% 10% 10% 10%;\n  margin: -42px -42px 0px 0px;\n}\n@media (min-width:550px) {\n  #col-442069562 > .col-inner {\n    margin: -317px -42px 0px 0px;\n  }\n}\n<\/style>\n\t<\/div>\n\n\t\n\n<\/div>\n\n\t\t<\/div>\n\n\t\t\n<style>\n#section_732150406 {\n  padding-top: 40px;\n  padding-bottom: 40px;\n  background-color: rgb(255, 255, 255);\n}\n@media (min-width:550px) {\n  #section_732150406 {\n    padding-top: 80px;\n    padding-bottom: 80px;\n  }\n}\n@media (min-width:850px) {\n  #section_732150406 {\n    padding-top: 100px;\n    padding-bottom: 100px;\n  }\n}\n<\/style>\n\t<\/section>\n\t\n\n\t<section class=\"section\" id=\"section_923653515\">\n\t\t<div class=\"section-bg fill\" >\n\t\t\t\t\t\t\t\t\t\n\t\t\t\n\n\t\t<\/div>\n\n\t\t\n\n\t\t<div class=\"section-content relative\">\n\t\t\t\n\n\t<div id=\"gap-1187626396\" class=\"gap-element clearfix\" style=\"display:block; height:auto;\">\n\t\t\n<style>\n#gap-1187626396 {\n  padding-top: 30px;\n}\n<\/style>\n\t<\/div>\n\t\n\n<div class=\"row\" style=\"max-width:1200px\" id=\"row-902446192\">\n\n\n\t<div id=\"col-278228242\" class=\"col medium-6 small-12 large-6\"  >\n\t\t\t\t<div class=\"col-inner\"  >\n\t\t\t\n\t\t\t\n\n\n  <div class=\"banner has-hover\" id=\"banner-809490100\">\n          <div class=\"banner-inner fill\">\n        <div class=\"banner-bg fill\" >\n            <img loading=\"lazy\" decoding=\"async\" width=\"1020\" height=\"765\" src=\"https:\/\/herman-cm.fi\/wp-content\/uploads\/2024\/02\/408232696_339666145471735_2483739136140815675_n-1067x800.jpg\" class=\"bg attachment-large size-large\" alt=\"\" \/>                                    \n                    <\/div>\n\t\t\n        <div class=\"banner-layers container\">\n            <div class=\"fill banner-link\"><\/div>            \n\n\n        <\/div>\n      <\/div>\n\n            \n<style>\n#banner-809490100 {\n  padding-top: 400px;\n  background-color: rgb(255, 255, 255);\n}\n#banner-809490100 .banner-bg img {\n  object-position: 42% 11%;\n}\n@media (min-width:550px) {\n  #banner-809490100 {\n    padding-top: 600px;\n  }\n}\n<\/style>\n  <\/div>\n\n\n\t<div id=\"gap-728382121\" class=\"gap-element clearfix\" style=\"display:block; height:auto;\">\n\t\t\n<style>\n#gap-728382121 {\n  padding-top: 30px;\n}\n@media (min-width:550px) {\n  #gap-728382121 {\n    padding-top: 100px;\n  }\n}\n<\/style>\n\t<\/div>\n\t\n\n\t<div id=\"text-812192813\" class=\"text\">\n\t\t\n\n<h2>Asiakkaillemme<\/h2>\n\t\t\n<style>\n#text-812192813 {\n  font-size: 1.5rem;\n  color: rgb(0, 0, 0);\n}\n#text-812192813 > * {\n  color: rgb(0, 0, 0);\n}\n<\/style>\n\t<\/div>\n\t\n\t<div id=\"text-1574587105\" class=\"text\">\n\t\t\n\n<p>Teemme yhdess\u00e4 asiakkaan kanssa graafisen suunnitelman, jossa pyrimme hyv\u00e4\u00e4n n\u00e4kyvyyteen ja otamme huomioon my\u00f6s kokonaiskustannukset. Hyv\u00e4 suunnittelu on jo puoli ty\u00f6 tehty<\/p>\n\t\t\n<style>\n#text-1574587105 {\n  color: rgb(0, 0, 0);\n}\n#text-1574587105 > * {\n  color: rgb(0, 0, 0);\n}\n<\/style>\n\t<\/div>\n\t\n\n\t\t<\/div>\n\t\t\t\t\n<style>\n#col-278228242 > .col-inner {\n  padding: 0px 0px 0px 1px;\n}\n@media (min-width:850px) {\n  #col-278228242 > .col-inner {\n    padding: 50px 50px 50px 0px;\n  }\n}\n<\/style>\n\t<\/div>\n\n\t\n\n\t<div id=\"col-146182132\" class=\"col medium-6 small-12 large-6\"  >\n\t\t\t\t<div class=\"col-inner\"  >\n\t\t\t\n\t\t\t\n\n\t<div id=\"text-2363331027\" class=\"text\">\n\t\t\n\n<h2>Ty\u00f6skentely suoraan asiakkaan kanssa<\/h2>\n\t\t\n<style>\n#text-2363331027 {\n  font-size: 1.5rem;\n  color: rgb(0, 0, 0);\n}\n#text-2363331027 > * {\n  color: rgb(0, 0, 0);\n}\n<\/style>\n\t<\/div>\n\t\n\t<div id=\"text-752638996\" class=\"text\">\n\t\t\n\n<p>Tiivis yhteisty\u00f6 asiakkaan kanssa takaa avoimuuden, jossa asiakas on aina mukana valmistusprosessissa.<\/p>\n\t\t\n<style>\n#text-752638996 {\n  color: rgb(0, 0, 0);\n}\n#text-752638996 > * {\n  color: rgb(0, 0, 0);\n}\n<\/style>\n\t<\/div>\n\t\n\t<div id=\"gap-160768305\" class=\"gap-element clearfix\" style=\"display:block; height:auto;\">\n\t\t\n<style>\n#gap-160768305 {\n  padding-top: 30px;\n}\n@media (min-width:550px) {\n  #gap-160768305 {\n    padding-top: 80px;\n  }\n}\n<\/style>\n\t<\/div>\n\t\n\n\n  <div class=\"banner has-hover\" id=\"banner-1190766557\">\n          <div class=\"banner-inner fill\">\n        <div class=\"banner-bg fill\" >\n            <img loading=\"lazy\" decoding=\"async\" width=\"1020\" height=\"765\" src=\"https:\/\/herman-cm.fi\/wp-content\/uploads\/2024\/03\/20240305_130830-1067x800.jpg\" class=\"bg attachment-large size-large\" alt=\"\" \/>                                    \n                    <\/div>\n\t\t\n        <div class=\"banner-layers container\">\n            <div class=\"fill banner-link\"><\/div>            \n\n\n        <\/div>\n      <\/div>\n\n            \n<style>\n#banner-1190766557 {\n  padding-top: 400px;\n  background-color: rgb(255, 255, 255);\n}\n#banner-1190766557 .banner-bg img {\n  object-position: 39% 43%;\n}\n@media (min-width:550px) {\n  #banner-1190766557 {\n    padding-top: 600px;\n  }\n}\n<\/style>\n  <\/div>\n\n\n\n\t\t<\/div>\n\t\t\t\t\n<style>\n#col-146182132 > .col-inner {\n  padding: 0px 0px 0px 0;\n}\n@media (min-width:550px) {\n  #col-146182132 > .col-inner {\n    padding: 50px 0px 0px 20px;\n  }\n}\n@media (min-width:850px) {\n  #col-146182132 > .col-inner {\n    padding: 50px 0px 0px 50px;\n  }\n}\n<\/style>\n\t<\/div>\n\n\t\n\n<\/div>\n\n\t\t<\/div>\n\n\t\t\n<style>\n#section_923653515 {\n  padding-top: 70px;\n  padding-bottom: 70px;\n}\n<\/style>\n\t<\/section>\n\t\n\n\t<section class=\"section\" id=\"section_598659765\">\n\t\t<div class=\"section-bg fill\" >\n\t\t\t\t\t\t\t\t\t\n\t\t\t\n\n\t\t<\/div>\n\n\t\t\n\n\t\t<div class=\"section-content relative\">\n\t\t\t\n\n<div class=\"row align-center\" style=\"max-width:1200px\" id=\"row-612613816\">\n\n\n\t<div id=\"col-1330586110\" class=\"col medium-7 small-12 large-5\"  >\n\t\t\t\t<div class=\"col-inner text-center\"  >\n\t\t\t\n\t\t\t\n\n\t<div id=\"gap-1984724301\" class=\"gap-element clearfix\" style=\"display:block; height:auto;\">\n\t\t\n<style>\n#gap-1984724301 {\n  padding-top: 50px;\n}\n@media (min-width:550px) {\n  #gap-1984724301 {\n    padding-top: 60px;\n  }\n}\n@media (min-width:850px) {\n  #gap-1984724301 {\n    padding-top: 70px;\n  }\n}\n<\/style>\n\t<\/div>\n\t\n\n\t<div id=\"text-1358842629\" class=\"text\">\n\t\t\n\n<h2>Ota yhteytt\u00e4 jo t\u00e4n\u00e4\u00e4n<\/h2>\n\t\t\n<style>\n#text-1358842629 {\n  font-size: 1.5rem;\n  text-align: center;\n  color: rgb(0, 0, 0);\n}\n#text-1358842629 > * {\n  color: rgb(0, 0, 0);\n}\n<\/style>\n\t<\/div>\n\t\n\t<div id=\"text-412582141\" class=\"text\">\n\t\t\n\n<p>Linkki alla\u00a0<\/p>\n\t\t\n<style>\n#text-412582141 {\n  text-align: center;\n  color: rgb(0, 0, 0);\n}\n#text-412582141 > * {\n  color: rgb(0, 0, 0);\n}\n<\/style>\n\t<\/div>\n\t\n<a href=\"https:\/\/herman-cm.fi\/fi\/kontakt\/\" class=\"button success is-outline\" >\n\t\t<span>Yhteydenotto<\/span>\n\t<i class=\"icon-angle-right\" aria-hidden=\"true\"><\/i><\/a>\n\n\n\n\t\t<\/div>\n\t\t\t\t\t<\/div>\n\n\t\n\n<\/div>\n\n\t\t<\/div>\n\n\t\t\n<style>\n#section_598659765 {\n  padding-top: 60px;\n  padding-bottom: 60px;\n  margin-bottom: 2px;\n  min-height: 0px;\n  background-color: rgb(255, 255, 255);\n}\n@media (min-width:550px) {\n  #section_598659765 {\n    padding-top: 0px;\n    padding-bottom: 0px;\n  }\n}\n<\/style>\n\t<\/section>","protected":false},"excerpt":{"rendered":"","protected":false},"author":2,"featured_media":0,"parent":0,"menu_order":0,"comment_status":"closed","ping_status":"closed","template":"page-blank.php","meta":{"footnotes":""},"class_list":["post-69","page","type-page","status-publish","hentry"],"yoast_head":"<!-- This site is optimized with the Yoast SEO plugin v26.8 - https:\/\/yoast.com\/product\/yoast-seo-wordpress\/ -->\n<title>Om oss - Herman Custom made Oy<\/title>\n<meta name=\"robots\" content=\"index, follow, max-snippet:-1, max-image-preview:large, max-video-preview:-1\" \/>\n<link rel=\"canonical\" href=\"https:\/\/herman-cm.fi\/fi\/om-oss\/\" \/>\n<meta property=\"og:locale\" content=\"fi_FI\" \/>\n<meta property=\"og:type\" content=\"article\" \/>\n<meta property=\"og:title\" content=\"Om oss - Herman Custom made Oy\" \/>\n<meta property=\"og:url\" content=\"https:\/\/herman-cm.fi\/fi\/om-oss\/\" \/>\n<meta property=\"og:site_name\" content=\"Herman Custom made Oy\" \/>\n<meta property=\"article:publisher\" content=\"https:\/\/www.facebook.com\/profile.php?id=100082850576677\" \/>\n<meta property=\"article:modified_time\" content=\"2024-03-25T17:18:55+00:00\" \/>\n<meta name=\"twitter:card\" content=\"summary_large_image\" \/>\n<meta name=\"twitter:label1\" content=\"Arvioitu lukuaika\" \/>\n\t<meta name=\"twitter:data1\" content=\"3 minuuttia\" \/>\n<script type=\"application\/ld+json\" class=\"yoast-schema-graph\">{\"@context\":\"https:\/\/schema.org\",\"@graph\":[{\"@type\":\"WebPage\",\"@id\":\"https:\/\/herman-cm.fi\/om-oss\/\",\"url\":\"https:\/\/herman-cm.fi\/om-oss\/\",\"name\":\"Om oss - Herman Custom made Oy\",\"isPartOf\":{\"@id\":\"https:\/\/herman-cm.fi\/#website\"},\"datePublished\":\"2015-11-17T18:15:56+00:00\",\"dateModified\":\"2024-03-25T17:18:55+00:00\",\"breadcrumb\":{\"@id\":\"https:\/\/herman-cm.fi\/om-oss\/#breadcrumb\"},\"inLanguage\":\"fi\",\"potentialAction\":[{\"@type\":\"ReadAction\",\"target\":[\"https:\/\/herman-cm.fi\/om-oss\/\"]}]},{\"@type\":\"BreadcrumbList\",\"@id\":\"https:\/\/herman-cm.fi\/om-oss\/#breadcrumb\",\"itemListElement\":[{\"@type\":\"ListItem\",\"position\":1,\"name\":\"Hem\",\"item\":\"https:\/\/herman-cm.fi\/\"},{\"@type\":\"ListItem\",\"position\":2,\"name\":\"Om oss\"}]},{\"@type\":\"WebSite\",\"@id\":\"https:\/\/herman-cm.fi\/#website\",\"url\":\"https:\/\/herman-cm.fi\/\",\"name\":\"Herman Custom Made\",\"description\":\"Herman Custom Made\",\"publisher\":{\"@id\":\"https:\/\/herman-cm.fi\/#organization\"},\"potentialAction\":[{\"@type\":\"SearchAction\",\"target\":{\"@type\":\"EntryPoint\",\"urlTemplate\":\"https:\/\/herman-cm.fi\/?s={search_term_string}\"},\"query-input\":{\"@type\":\"PropertyValueSpecification\",\"valueRequired\":true,\"valueName\":\"search_term_string\"}}],\"inLanguage\":\"fi\"},{\"@type\":\"Organization\",\"@id\":\"https:\/\/herman-cm.fi\/#organization\",\"name\":\"Herman Custom Made\",\"url\":\"https:\/\/herman-cm.fi\/\",\"logo\":{\"@type\":\"ImageObject\",\"inLanguage\":\"fi\",\"@id\":\"https:\/\/herman-cm.fi\/#\/schema\/logo\/image\/\",\"url\":\"https:\/\/herman-cm.fi\/wp-content\/uploads\/2024\/01\/Logo6-pdf.jpg\",\"contentUrl\":\"https:\/\/herman-cm.fi\/wp-content\/uploads\/2024\/01\/Logo6-pdf.jpg\",\"width\":943,\"height\":370,\"caption\":\"Herman Custom Made\"},\"image\":{\"@id\":\"https:\/\/herman-cm.fi\/#\/schema\/logo\/image\/\"},\"sameAs\":[\"https:\/\/www.facebook.com\/profile.php?id=100082850576677\"]}]}<\/script>\n<!-- \/ Yoast SEO plugin. -->","yoast_head_json":{"title":"Om oss - Herman Custom made Oy","robots":{"index":"index","follow":"follow","max-snippet":"max-snippet:-1","max-image-preview":"max-image-preview:large","max-video-preview":"max-video-preview:-1"},"canonical":"https:\/\/herman-cm.fi\/fi\/om-oss\/","og_locale":"fi_FI","og_type":"article","og_title":"Om oss - Herman Custom made Oy","og_url":"https:\/\/herman-cm.fi\/fi\/om-oss\/","og_site_name":"Herman Custom made Oy","article_publisher":"https:\/\/www.facebook.com\/profile.php?id=100082850576677","article_modified_time":"2024-03-25T17:18:55+00:00","twitter_card":"summary_large_image","twitter_misc":{"Arvioitu lukuaika":"3 minuuttia"},"schema":{"@context":"https:\/\/schema.org","@graph":[{"@type":"WebPage","@id":"https:\/\/herman-cm.fi\/om-oss\/","url":"https:\/\/herman-cm.fi\/om-oss\/","name":"Om oss - Herman Custom made Oy","isPartOf":{"@id":"https:\/\/herman-cm.fi\/#website"},"datePublished":"2015-11-17T18:15:56+00:00","dateModified":"2024-03-25T17:18:55+00:00","breadcrumb":{"@id":"https:\/\/herman-cm.fi\/om-oss\/#breadcrumb"},"inLanguage":"fi","potentialAction":[{"@type":"ReadAction","target":["https:\/\/herman-cm.fi\/om-oss\/"]}]},{"@type":"BreadcrumbList","@id":"https:\/\/herman-cm.fi\/om-oss\/#breadcrumb","itemListElement":[{"@type":"ListItem","position":1,"name":"Hem","item":"https:\/\/herman-cm.fi\/"},{"@type":"ListItem","position":2,"name":"Om oss"}]},{"@type":"WebSite","@id":"https:\/\/herman-cm.fi\/#website","url":"https:\/\/herman-cm.fi\/","name":"Herman Custom Made","description":"Herman Custom Made","publisher":{"@id":"https:\/\/herman-cm.fi\/#organization"},"potentialAction":[{"@type":"SearchAction","target":{"@type":"EntryPoint","urlTemplate":"https:\/\/herman-cm.fi\/?s={search_term_string}"},"query-input":{"@type":"PropertyValueSpecification","valueRequired":true,"valueName":"search_term_string"}}],"inLanguage":"fi"},{"@type":"Organization","@id":"https:\/\/herman-cm.fi\/#organization","name":"Herman Custom Made","url":"https:\/\/herman-cm.fi\/","logo":{"@type":"ImageObject","inLanguage":"fi","@id":"https:\/\/herman-cm.fi\/#\/schema\/logo\/image\/","url":"https:\/\/herman-cm.fi\/wp-content\/uploads\/2024\/01\/Logo6-pdf.jpg","contentUrl":"https:\/\/herman-cm.fi\/wp-content\/uploads\/2024\/01\/Logo6-pdf.jpg","width":943,"height":370,"caption":"Herman Custom Made"},"image":{"@id":"https:\/\/herman-cm.fi\/#\/schema\/logo\/image\/"},"sameAs":["https:\/\/www.facebook.com\/profile.php?id=100082850576677"]}]}},"_links":{"self":[{"href":"https:\/\/herman-cm.fi\/fi\/wp-json\/wp\/v2\/pages\/69","targetHints":{"allow":["GET"]}}],"collection":[{"href":"https:\/\/herman-cm.fi\/fi\/wp-json\/wp\/v2\/pages"}],"about":[{"href":"https:\/\/herman-cm.fi\/fi\/wp-json\/wp\/v2\/types\/page"}],"author":[{"embeddable":true,"href":"https:\/\/herman-cm.fi\/fi\/wp-json\/wp\/v2\/users\/2"}],"replies":[{"embeddable":true,"href":"https:\/\/herman-cm.fi\/fi\/wp-json\/wp\/v2\/comments?post=69"}],"version-history":[{"count":20,"href":"https:\/\/herman-cm.fi\/fi\/wp-json\/wp\/v2\/pages\/69\/revisions"}],"predecessor-version":[{"id":567,"href":"https:\/\/herman-cm.fi\/fi\/wp-json\/wp\/v2\/pages\/69\/revisions\/567"}],"wp:attachment":[{"href":"https:\/\/herman-cm.fi\/fi\/wp-json\/wp\/v2\/media?parent=69"}],"curies":[{"name":"wp","href":"https:\/\/api.w.org\/{rel}","templated":true}]}}